{"id":1445,"date":"2024-09-03T09:54:13","date_gmt":"2024-09-03T07:54:13","guid":{"rendered":"https:\/\/pascalelaurentsophrologue.fr\/?page_id=1445"},"modified":"2026-03-24T14:36:44","modified_gmt":"2026-03-24T13:36:44","slug":"seniors","status":"publish","type":"page","link":"https:\/\/pascalelaurentsophrologue.fr\/index.php\/seniors\/","title":{"rendered":"PERSONNES AGEES"},"content":{"rendered":"\n<div class=\"wp-block-columns is-layout-flex wp-container-core-columns-is-layout-9d6595d7 wp-block-columns-is-layout-flex\">\n<div class=\"wp-block-column is-layout-flow wp-block-column-is-layout-flow\">\n<h2 class=\"wp-block-heading\"><\/h2>\n\n\n\n<figure class=\"wp-block-image size-large\"><img loading=\"lazy\" decoding=\"async\" width=\"1024\" height=\"985\" src=\"https:\/\/pascalelaurentsophrologue.fr\/wp-content\/uploads\/2026\/03\/medium-shot-woman-with-sunglasses-hat-1-1024x985.jpg\" alt=\"\" class=\"wp-image-2152\" srcset=\"https:\/\/pascalelaurentsophrologue.fr\/wp-content\/uploads\/2026\/03\/medium-shot-woman-with-sunglasses-hat-1-1024x985.jpg 1024w, https:\/\/pascalelaurentsophrologue.fr\/wp-content\/uploads\/2026\/03\/medium-shot-woman-with-sunglasses-hat-1-300x288.jpg 300w, https:\/\/pascalelaurentsophrologue.fr\/wp-content\/uploads\/2026\/03\/medium-shot-woman-with-sunglasses-hat-1-768x738.jpg 768w, https:\/\/pascalelaurentsophrologue.fr\/wp-content\/uploads\/2026\/03\/medium-shot-woman-with-sunglasses-hat-1-1536x1477.jpg 1536w, https:\/\/pascalelaurentsophrologue.fr\/wp-content\/uploads\/2026\/03\/medium-shot-woman-with-sunglasses-hat-1-2048x1969.jpg 2048w\" sizes=\"auto, (max-width: 1024px) 100vw, 1024px\" \/><\/figure>\n\n\n\n<div style=\"height:60px\" aria-hidden=\"true\" class=\"wp-block-spacer\"><\/div>\n\n\n\n<h5 class=\"wp-block-heading\">Avec l\u2019avanc\u00e9e en \u00e2ge, le corps et l\u2019esprit traversent souvent de nombreux changements : perte de rep\u00e8res, diminution de l\u2019\u00e9nergie, troubles du sommeil, douleurs chroniques, ou encore sentiment d\u2019isolement. La sophrologie, en employant des techniques qui vont agir \u00e0 la fois sur le corps et sur le mental, offre aux personnes \u00e2g\u00e9es un accompagnement pr\u00e9cieux pour mieux vivre cette p\u00e9riode de la vie, en toute s\u00e9r\u00e9nit\u00e9.<\/h5>\n\n\n\n<h5 class=\"wp-block-heading\">A travers un accompagnement en sophrologie, je pourrai notamment vous aider \u00e0 : <\/h5>\n\n\n\n<h5 class=\"wp-block-heading\">&#8211; <strong>G\u00e9rer le stress, l&rsquo;anxi\u00e9t\u00e9, les \u00e9motions<\/strong> en vous permettant de vous d\u00e9tendre, calmer le mental et accueillir les \u00e9motions avec bienveillance.<\/h5>\n\n\n\n<h5 class=\"wp-block-heading\">&#8211; <strong>L\u00e2cher-prise <\/strong><\/h5>\n\n\n\n<h5 class=\"wp-block-heading\">&#8211; <strong>G\u00e9rer les douleurs <\/strong>pour vous permettre de modifier vos ressentis par rapport \u00e0 la douleur, vous soulager. <\/h5>\n\n\n\n<h5 class=\"wp-block-heading\">&#8211; <strong>Am\u00e9liorer votre sommeil<\/strong> pour vous aider \u00e0 rester en \u00e9veil toute la journ\u00e9e en vous permettant d&rsquo;\u00e9liminer votre fatigue et en d\u00e9veloppant votre vitalit\u00e9 en journ\u00e9e. <\/h5>\n\n\n\n<h5 class=\"wp-block-heading\">&#8211; <strong>G\u00e9rer les troubles de l&rsquo;\u00e9quilibre<\/strong> pour vous aider \u00e0 vous d\u00e9placer sereinement au quotidien en vous permettant d&rsquo;\u00e9liminer votre peur et d\u00e9velopper la confiance en votre corps. <\/h5>\n\n\n\n<h5 class=\"wp-block-heading\">&#8211; <strong>G\u00e9rer les troubles du caract\u00e8re<\/strong> pour vous aider \u00e0 avoir des \u00e9changes harmonieux avec votre entourage en ma\u00eetrisant votre comportement.<\/h5>\n\n\n\n<h5 class=\"wp-block-heading\">&#8211; <strong>G\u00e9rer les troubles de la m\u00e9moire<\/strong> pour vous aider \u00e0 maintenir votre m\u00e9moire en vous permettant d&rsquo;\u00e9liminer votre stress et renforcer votre capacit\u00e9 de m\u00e9morisation. <\/h5>\n\n\n\n<h5 class=\"wp-block-heading\">En dehors de toute raison pathologique av\u00e9r\u00e9e, l&rsquo;intensit\u00e9 et la fr\u00e9quence des troubles de la m\u00e9moire, d\u00e9pend de l&rsquo;alt\u00e9ration des capacit\u00e9s c\u00e9r\u00e9brales mais aussi des habitudes de vie. A capacit\u00e9 c\u00e9r\u00e9brale \u00e9gale, une personne \u00e2g\u00e9e d\u00e9tendue exer\u00e7ant sa m\u00e9moire tous les jours aura moins d&rsquo;amn\u00e9sies passag\u00e8res qu&rsquo;une personne \u00e2g\u00e9e stress\u00e9e et moins active intellectuellement.<\/h5>\n\n\n\n<h5 class=\"wp-block-heading\">&#8211; <strong>Renforcer la confiance et l&rsquo;estime de soi <\/strong><\/h5>\n\n\n\n<h5 class=\"wp-block-heading\">&#8211; <strong>Mieux vivre la retraite<\/strong> pour vous permettre de vous apaiser, vous rassurer et renforcer votre confiance en vous. <\/h5>\n\n\n\n<h5 class=\"wp-block-heading\">&#8211;<strong> Si vous souffrez de d\u00e9pression <\/strong>pour vous permettre de la surmonter plus facilement, en vous aidant \u00e0 \u00e9vacuer votre tristesse, g\u00e9rer votre douleur et retrouver l&rsquo;envie. <\/h5>\n\n\n\n<h5 class=\"wp-block-heading\">Cette liste n&rsquo;est pas exhaustive !<\/h5>\n\n\n\n<h2 class=\"wp-block-heading has-text-align-center\">*******<\/h2>\n\n\n\n<h5 class=\"wp-block-heading\">Les s\u00e9ances individuelles ou collectives sont construites autour d\u2019exercices simples et accessibles que vous pourrez pratiquer ensuite en toute autonomie. <strong>Pour vous aider \u00e0 m\u00e9moriser plus facilement les exercices vus en s\u00e9ance, je pourrai vous transmettre un visuel des exercices et un enregistrement audio personnalis\u00e9 de la sophronisation (visualisation d\u2019images positives). <\/strong><\/h5>\n\n\n\n<h5 class=\"wp-block-heading\">Les exercices sont simples, faciles \u00e0 ex\u00e9cuter ; les positions peuvent \u00eatre am\u00e9nag\u00e9es pour permettre ou faciliter une pratique des exercices en toute s\u00e9curit\u00e9.<\/h5>\n\n\n\n<h5 class=\"wp-block-heading\">J&rsquo;anime mes s\u00e9ances avec douceur, bienveillance et non-jugement dans le respect des rythmes et des capacit\u00e9s de chacun. <\/h5>\n\n\n\n<h5 class=\"wp-block-heading\">La sophrologie ne remplace en aucun cas un traitement m\u00e9dical mais s&rsquo;inscrit dans la compl\u00e9mentarit\u00e9 avec les professionnels de sant\u00e9 pour un parcours de soin optimal. Elle permet un v\u00e9ritable soutien au mieux-\u00eatre et \u00e0 la qualit\u00e9 de vie.<\/h5>\n\n\n\n<h5 class=\"wp-block-heading\">L&rsquo;accompagnement individuel permet une approche personnalis\u00e9e avec un accompagnement adapt\u00e9 \u00e0 votre objectif, vos besoins et votre rythme.<\/h5>\n\n\n\n<h5 class=\"wp-block-heading\">Dans le cas d&rsquo;un accompagnement collectif, les besoins et objectifs sont pr\u00e9alablement \u00e9tablis lors d\u2019un rendez-vous&nbsp;de 30 min environ qui&nbsp;permet&nbsp;de prioriser&nbsp;les axes de travail afin de&nbsp;garantir&nbsp;un programme personnalis\u00e9.<\/h5>\n\n\n\n<h5 class=\"wp-block-heading has-text-align-left has-nv-dark-bg-color has-text-color has-link-color wp-elements-fb6ac0b2c7cc2cdb138d131c4f5c86a3\">En savoir plus sur le d\u00e9roulement des s\u00e9ances et la pratique des exercices : <a href=\"https:\/\/pascalelaurentsophrologue.fr\/index.php\/les-seances\/\">ICI <\/a><\/h5>\n\n\n\n<h5 class=\"wp-block-heading\">En savoir plus sur les limites de la sophrologie :<a href=\"https:\/\/pascalelaurentsophrologue.fr\/\"> ICI<\/a><\/h5>\n\n\n\n<h5 class=\"wp-block-heading has-text-color has-link-color wp-elements-dbf58b04321373fb39571ee5c1465ea3\" style=\"color:#0c44d2c9\"><em>A noter que si vous rencontrez des difficult\u00e9s pour vous rendre au Cabinet, je peux me d\u00e9placer directement chez vous ; n&rsquo;h\u00e9sitez pas \u00e0 me le demander. <\/em><\/h5>\n\n\n\n<div style=\"height:60px\" aria-hidden=\"true\" class=\"wp-block-spacer\"><\/div>\n\n\n\n<p><\/p>\n\n\n\n<p class=\"has-text-align-center\"><\/p>\n\n\n\n<p><\/p>\n<\/div>\n<\/div>\n\n\n\n<p><\/p>\n","protected":false},"excerpt":{"rendered":"<p>Avec l\u2019avanc\u00e9e en \u00e2ge, le corps et l\u2019esprit traversent souvent de nombreux changements : perte de rep\u00e8res, diminution de l\u2019\u00e9nergie, troubles du sommeil, douleurs chroniques, ou encore sentiment d\u2019isolement. La sophrologie, en employant des techniques qui vont agir \u00e0 la fois sur le corps et sur le mental, offre aux personnes \u00e2g\u00e9es un accompagnement pr\u00e9cieux&hellip;&nbsp;<a href=\"https:\/\/pascalelaurentsophrologue.fr\/index.php\/seniors\/\" class=\"\" rel=\"bookmark\">Lire la suite &raquo;<span class=\"screen-reader-text\">PERSONNES AGEES<\/span><\/a><\/p>\n","protected":false},"author":1,"featured_media":0,"parent":0,"menu_order":0,"comment_status":"closed","ping_status":"closed","template":"","meta":{"neve_meta_sidebar":"","neve_meta_container":"","neve_meta_enable_content_width":"","neve_meta_content_width":0,"neve_meta_title_alignment":"","neve_meta_author_avatar":"","neve_post_elements_order":"","neve_meta_disable_header":"","neve_meta_disable_footer":"","neve_meta_disable_title":"","footnotes":""},"class_list":["post-1445","page","type-page","status-publish","hentry"],"yoast_head":"<!-- This site is optimized with the Yoast SEO plugin v27.3 - https:\/\/yoast.com\/product\/yoast-seo-wordpress\/ -->\n<title>PERSONNES AGEES - Pascale LAURENT - Sophrologue<\/title>\n<meta name=\"robots\" content=\"index, follow, max-snippet:-1, max-image-preview:large, max-video-preview:-1\" \/>\n<link rel=\"canonical\" href=\"https:\/\/pascalelaurentsophrologue.fr\/index.php\/seniors\/\" \/>\n<meta property=\"og:locale\" content=\"fr_FR\" \/>\n<meta property=\"og:type\" content=\"article\" \/>\n<meta property=\"og:title\" content=\"PERSONNES AGEES - Pascale LAURENT - Sophrologue\" \/>\n<meta property=\"og:description\" content=\"Avec l\u2019avanc\u00e9e en \u00e2ge, le corps et l\u2019esprit traversent souvent de nombreux changements : perte de rep\u00e8res, diminution de l\u2019\u00e9nergie, troubles du sommeil, douleurs chroniques, ou encore sentiment d\u2019isolement. La sophrologie, en employant des techniques qui vont agir \u00e0 la fois sur le corps et sur le mental, offre aux personnes \u00e2g\u00e9es un accompagnement pr\u00e9cieux&hellip;&nbsp;Lire la suite &raquo;PERSONNES AGEES\" \/>\n<meta property=\"og:url\" content=\"https:\/\/pascalelaurentsophrologue.fr\/index.php\/seniors\/\" \/>\n<meta property=\"og:site_name\" content=\"Pascale LAURENT - Sophrologue\" \/>\n<meta property=\"article:modified_time\" content=\"2026-03-24T13:36:44+00:00\" \/>\n<meta property=\"og:image\" content=\"https:\/\/pascalelaurentsophrologue.fr\/wp-content\/uploads\/2026\/03\/medium-shot-woman-with-sunglasses-hat-1-scaled.jpg\" \/>\n\t<meta property=\"og:image:width\" content=\"2560\" \/>\n\t<meta property=\"og:image:height\" content=\"2461\" \/>\n\t<meta property=\"og:image:type\" content=\"image\/jpeg\" \/>\n<meta name=\"twitter:card\" content=\"summary_large_image\" \/>\n<meta name=\"twitter:label1\" content=\"Dur\u00e9e de lecture estim\u00e9e\" \/>\n\t<meta name=\"twitter:data1\" content=\"4 minutes\" \/>\n<script type=\"application\/ld+json\" class=\"yoast-schema-graph\">{\"@context\":\"https:\\\/\\\/schema.org\",\"@graph\":[{\"@type\":\"WebPage\",\"@id\":\"https:\\\/\\\/pascalelaurentsophrologue.fr\\\/index.php\\\/seniors\\\/\",\"url\":\"https:\\\/\\\/pascalelaurentsophrologue.fr\\\/index.php\\\/seniors\\\/\",\"name\":\"PERSONNES AGEES - Pascale LAURENT - Sophrologue\",\"isPartOf\":{\"@id\":\"https:\\\/\\\/pascalelaurentsophrologue.fr\\\/#website\"},\"primaryImageOfPage\":{\"@id\":\"https:\\\/\\\/pascalelaurentsophrologue.fr\\\/index.php\\\/seniors\\\/#primaryimage\"},\"image\":{\"@id\":\"https:\\\/\\\/pascalelaurentsophrologue.fr\\\/index.php\\\/seniors\\\/#primaryimage\"},\"thumbnailUrl\":\"https:\\\/\\\/pascalelaurentsophrologue.fr\\\/wp-content\\\/uploads\\\/2026\\\/03\\\/medium-shot-woman-with-sunglasses-hat-1-1024x985.jpg\",\"datePublished\":\"2024-09-03T07:54:13+00:00\",\"dateModified\":\"2026-03-24T13:36:44+00:00\",\"breadcrumb\":{\"@id\":\"https:\\\/\\\/pascalelaurentsophrologue.fr\\\/index.php\\\/seniors\\\/#breadcrumb\"},\"inLanguage\":\"fr-FR\",\"potentialAction\":[{\"@type\":\"ReadAction\",\"target\":[\"https:\\\/\\\/pascalelaurentsophrologue.fr\\\/index.php\\\/seniors\\\/\"]}]},{\"@type\":\"ImageObject\",\"inLanguage\":\"fr-FR\",\"@id\":\"https:\\\/\\\/pascalelaurentsophrologue.fr\\\/index.php\\\/seniors\\\/#primaryimage\",\"url\":\"https:\\\/\\\/pascalelaurentsophrologue.fr\\\/wp-content\\\/uploads\\\/2026\\\/03\\\/medium-shot-woman-with-sunglasses-hat-1-scaled.jpg\",\"contentUrl\":\"https:\\\/\\\/pascalelaurentsophrologue.fr\\\/wp-content\\\/uploads\\\/2026\\\/03\\\/medium-shot-woman-with-sunglasses-hat-1-scaled.jpg\",\"width\":2560,\"height\":2461},{\"@type\":\"BreadcrumbList\",\"@id\":\"https:\\\/\\\/pascalelaurentsophrologue.fr\\\/index.php\\\/seniors\\\/#breadcrumb\",\"itemListElement\":[{\"@type\":\"ListItem\",\"position\":1,\"name\":\"Accueil\",\"item\":\"https:\\\/\\\/pascalelaurentsophrologue.fr\\\/\"},{\"@type\":\"ListItem\",\"position\":2,\"name\":\"PERSONNES AGEES\"}]},{\"@type\":\"WebSite\",\"@id\":\"https:\\\/\\\/pascalelaurentsophrologue.fr\\\/#website\",\"url\":\"https:\\\/\\\/pascalelaurentsophrologue.fr\\\/\",\"name\":\"Pascale LAURENT - Sophrologue\",\"description\":\"\",\"potentialAction\":[{\"@type\":\"SearchAction\",\"target\":{\"@type\":\"EntryPoint\",\"urlTemplate\":\"https:\\\/\\\/pascalelaurentsophrologue.fr\\\/?s={search_term_string}\"},\"query-input\":{\"@type\":\"PropertyValueSpecification\",\"valueRequired\":true,\"valueName\":\"search_term_string\"}}],\"inLanguage\":\"fr-FR\"}]}<\/script>\n<!-- \/ Yoast SEO plugin. -->","yoast_head_json":{"title":"PERSONNES AGEES - Pascale LAURENT - Sophrologue","robots":{"index":"index","follow":"follow","max-snippet":"max-snippet:-1","max-image-preview":"max-image-preview:large","max-video-preview":"max-video-preview:-1"},"canonical":"https:\/\/pascalelaurentsophrologue.fr\/index.php\/seniors\/","og_locale":"fr_FR","og_type":"article","og_title":"PERSONNES AGEES - Pascale LAURENT - Sophrologue","og_description":"Avec l\u2019avanc\u00e9e en \u00e2ge, le corps et l\u2019esprit traversent souvent de nombreux changements : perte de rep\u00e8res, diminution de l\u2019\u00e9nergie, troubles du sommeil, douleurs chroniques, ou encore sentiment d\u2019isolement. La sophrologie, en employant des techniques qui vont agir \u00e0 la fois sur le corps et sur le mental, offre aux personnes \u00e2g\u00e9es un accompagnement pr\u00e9cieux&hellip;&nbsp;Lire la suite &raquo;PERSONNES AGEES","og_url":"https:\/\/pascalelaurentsophrologue.fr\/index.php\/seniors\/","og_site_name":"Pascale LAURENT - Sophrologue","article_modified_time":"2026-03-24T13:36:44+00:00","og_image":[{"width":2560,"height":2461,"url":"https:\/\/pascalelaurentsophrologue.fr\/wp-content\/uploads\/2026\/03\/medium-shot-woman-with-sunglasses-hat-1-scaled.jpg","type":"image\/jpeg"}],"twitter_card":"summary_large_image","twitter_misc":{"Dur\u00e9e de lecture estim\u00e9e":"4 minutes"},"schema":{"@context":"https:\/\/schema.org","@graph":[{"@type":"WebPage","@id":"https:\/\/pascalelaurentsophrologue.fr\/index.php\/seniors\/","url":"https:\/\/pascalelaurentsophrologue.fr\/index.php\/seniors\/","name":"PERSONNES AGEES - Pascale LAURENT - Sophrologue","isPartOf":{"@id":"https:\/\/pascalelaurentsophrologue.fr\/#website"},"primaryImageOfPage":{"@id":"https:\/\/pascalelaurentsophrologue.fr\/index.php\/seniors\/#primaryimage"},"image":{"@id":"https:\/\/pascalelaurentsophrologue.fr\/index.php\/seniors\/#primaryimage"},"thumbnailUrl":"https:\/\/pascalelaurentsophrologue.fr\/wp-content\/uploads\/2026\/03\/medium-shot-woman-with-sunglasses-hat-1-1024x985.jpg","datePublished":"2024-09-03T07:54:13+00:00","dateModified":"2026-03-24T13:36:44+00:00","breadcrumb":{"@id":"https:\/\/pascalelaurentsophrologue.fr\/index.php\/seniors\/#breadcrumb"},"inLanguage":"fr-FR","potentialAction":[{"@type":"ReadAction","target":["https:\/\/pascalelaurentsophrologue.fr\/index.php\/seniors\/"]}]},{"@type":"ImageObject","inLanguage":"fr-FR","@id":"https:\/\/pascalelaurentsophrologue.fr\/index.php\/seniors\/#primaryimage","url":"https:\/\/pascalelaurentsophrologue.fr\/wp-content\/uploads\/2026\/03\/medium-shot-woman-with-sunglasses-hat-1-scaled.jpg","contentUrl":"https:\/\/pascalelaurentsophrologue.fr\/wp-content\/uploads\/2026\/03\/medium-shot-woman-with-sunglasses-hat-1-scaled.jpg","width":2560,"height":2461},{"@type":"BreadcrumbList","@id":"https:\/\/pascalelaurentsophrologue.fr\/index.php\/seniors\/#breadcrumb","itemListElement":[{"@type":"ListItem","position":1,"name":"Accueil","item":"https:\/\/pascalelaurentsophrologue.fr\/"},{"@type":"ListItem","position":2,"name":"PERSONNES AGEES"}]},{"@type":"WebSite","@id":"https:\/\/pascalelaurentsophrologue.fr\/#website","url":"https:\/\/pascalelaurentsophrologue.fr\/","name":"Pascale LAURENT - Sophrologue","description":"","potentialAction":[{"@type":"SearchAction","target":{"@type":"EntryPoint","urlTemplate":"https:\/\/pascalelaurentsophrologue.fr\/?s={search_term_string}"},"query-input":{"@type":"PropertyValueSpecification","valueRequired":true,"valueName":"search_term_string"}}],"inLanguage":"fr-FR"}]}},"_links":{"self":[{"href":"https:\/\/pascalelaurentsophrologue.fr\/index.php\/wp-json\/wp\/v2\/pages\/1445","targetHints":{"allow":["GET"]}}],"collection":[{"href":"https:\/\/pascalelaurentsophrologue.fr\/index.php\/wp-json\/wp\/v2\/pages"}],"about":[{"href":"https:\/\/pascalelaurentsophrologue.fr\/index.php\/wp-json\/wp\/v2\/types\/page"}],"author":[{"embeddable":true,"href":"https:\/\/pascalelaurentsophrologue.fr\/index.php\/wp-json\/wp\/v2\/users\/1"}],"replies":[{"embeddable":true,"href":"https:\/\/pascalelaurentsophrologue.fr\/index.php\/wp-json\/wp\/v2\/comments?post=1445"}],"version-history":[{"count":56,"href":"https:\/\/pascalelaurentsophrologue.fr\/index.php\/wp-json\/wp\/v2\/pages\/1445\/revisions"}],"predecessor-version":[{"id":2160,"href":"https:\/\/pascalelaurentsophrologue.fr\/index.php\/wp-json\/wp\/v2\/pages\/1445\/revisions\/2160"}],"wp:attachment":[{"href":"https:\/\/pascalelaurentsophrologue.fr\/index.php\/wp-json\/wp\/v2\/media?parent=1445"}],"curies":[{"name":"wp","href":"https:\/\/api.w.org\/{rel}","templated":true}]}}