{"id":1834,"date":"2025-08-22T07:58:36","date_gmt":"2025-08-22T05:58:36","guid":{"rendered":"https:\/\/pascalelaurentsophrologue.fr\/?page_id=1834"},"modified":"2025-09-09T09:40:17","modified_gmt":"2025-09-09T07:40:17","slug":"sophroenfants","status":"publish","type":"page","link":"https:\/\/pascalelaurentsophrologue.fr\/index.php\/sophroenfants\/","title":{"rendered":"SOPHRO&rsquo;ENFANTS"},"content":{"rendered":"\n<h4 class=\"wp-block-heading has-text-align-center\"><br><\/h4>\n\n\n<div class=\"wp-block-image is-style-rounded\">\n<figure class=\"aligncenter size-large\"><img loading=\"lazy\" decoding=\"async\" width=\"1024\" height=\"574\" src=\"https:\/\/pascalelaurentsophrologue.fr\/wp-content\/uploads\/2025\/08\/une-fille-de-taille-moyenne-se-detend-a-l-exterieur-1024x574.jpg\" alt=\"\" class=\"wp-image-1888\" srcset=\"https:\/\/pascalelaurentsophrologue.fr\/wp-content\/uploads\/2025\/08\/une-fille-de-taille-moyenne-se-detend-a-l-exterieur-1024x574.jpg 1024w, https:\/\/pascalelaurentsophrologue.fr\/wp-content\/uploads\/2025\/08\/une-fille-de-taille-moyenne-se-detend-a-l-exterieur-300x168.jpg 300w, https:\/\/pascalelaurentsophrologue.fr\/wp-content\/uploads\/2025\/08\/une-fille-de-taille-moyenne-se-detend-a-l-exterieur-768x430.jpg 768w, https:\/\/pascalelaurentsophrologue.fr\/wp-content\/uploads\/2025\/08\/une-fille-de-taille-moyenne-se-detend-a-l-exterieur-1536x861.jpg 1536w, https:\/\/pascalelaurentsophrologue.fr\/wp-content\/uploads\/2025\/08\/une-fille-de-taille-moyenne-se-detend-a-l-exterieur-2048x1148.jpg 2048w\" sizes=\"auto, (max-width: 1024px) 100vw, 1024px\" \/><\/figure>\n<\/div>\n\n\n<h4 class=\"wp-block-heading has-text-align-center\"><\/h4>\n\n\n\n<div style=\"height:69px\" aria-hidden=\"true\" class=\"wp-block-spacer\"><\/div>\n\n\n\n<h2 class=\"wp-block-heading\"><\/h2>\n\n\n\n<h5 class=\"wp-block-heading\">La sophrologie s\u2019adresse aussi aux enfants ! Je re\u00e7ois au Cabinet les enfants d\u00e8s l\u2019\u00e2ge de 6 ans. \u00c0 cet \u00e2ge, l\u2019enfant commence \u00e0 d\u00e9velopper une meilleure conscience de son corps, de ses \u00e9motions et de son environnement.<\/h5>\n\n\n\n<h5 class=\"wp-block-heading\">A travers des techniques de rel\u00e2chement musculaire, respiration contr\u00f4l\u00e9e et visualisation positive, les enfants pratiquent <strong>des exercices simples, ludiques et adapt\u00e9s,<\/strong> souvent sous forme de jeux, afin de les aider \u00e0 se reconnecter \u00e0 leurs besoins et les rassurer sur leurs nombreuses capacit\u00e9s.<br><\/h5>\n\n\n\n<div style=\"height:34px\" aria-hidden=\"true\" class=\"wp-block-spacer\"><\/div>\n\n\n\n<h4 class=\"wp-block-heading\"><strong>Quels sont les bienfaits de la sophrologie pour les enfants ?<\/strong><\/h4>\n\n\n\n<h5 class=\"wp-block-heading\">La sophrologie pourra aider les enfants \u00e0 : <\/h5>\n\n\n\n<h5 class=\"wp-block-heading\">&#8211;<strong>mieux g\u00e9rer le stress, les \u00e9motions <\/strong>(la timidit\u00e9, la col\u00e8re, la tristesse, la peur &#8230;)<strong> <\/strong><\/h5>\n\n\n\n<h5 class=\"wp-block-heading\">&#8211;<strong>se pr\u00e9parer mentalement <\/strong>avant un contr\u00f4le, un expos\u00e9, une comp\u00e9tition &#8230;<\/h5>\n\n\n\n<h5 class=\"wp-block-heading\">&#8211;<strong>trouver le sommeil plus facilement<\/strong> en cas de difficult\u00e9s pour s&rsquo;endormir<\/h5>\n\n\n\n<h5 class=\"wp-block-heading\">&#8211;<strong>stimuler l&rsquo;\u00e9nergie <\/strong>pour profiter de ses journ\u00e9es<\/h5>\n\n\n\n<h5 class=\"wp-block-heading\">&#8211;<strong>d\u00e9velopper la confiance en soi <\/strong><\/h5>\n\n\n\n<h5 class=\"wp-block-heading\">&#8211;<strong>accepter son corps <\/strong>en assumant son corps et son image<\/h5>\n\n\n\n<h5 class=\"wp-block-heading\">&#8211;<strong>accompagner le changement <\/strong><\/h5>\n\n\n\n<h5 class=\"wp-block-heading\">&#8211;<strong>retrouver un comportement adapt\u00e9 lors de phobie<\/strong> en aidant l&rsquo;enfant \u00e0 vivre calmement l&rsquo;objet ou la situation phobique<\/h5>\n\n\n\n<h5 class=\"wp-block-heading\">&#8211;<strong>renforcer ses capacit\u00e9s de m\u00e9morisation<\/strong><\/h5>\n\n\n\n<h5 class=\"wp-block-heading\">&#8211;<strong>mieux g\u00e9rer les douleurs, etc &#8230; <\/strong><\/h5>\n\n\n\n<div style=\"height:45px\" aria-hidden=\"true\" class=\"wp-block-spacer\"><\/div>\n\n\n\n<h4 class=\"wp-block-heading\"><strong>Comment se d\u00e9roule une s\u00e9ance ? <\/strong><\/h4>\n\n\n\n<h5 class=\"wp-block-heading\">La s\u00e9ance de sophrologie pour les enfants dure environ 45 minutes.  Elle d\u00e9bute toujours par un temps d&rsquo;\u00e9change (plus long lors de la premi\u00e8re s\u00e9ance), puis un temps de pratique d&rsquo;exercices et \u00e0 nouveau un temps d&rsquo;\u00e9change o\u00f9 l&rsquo;enfant peut exprimer ses ressentis par rapport aux exercices s&rsquo;il en a envie.<\/h5>\n\n\n\n<h5 class=\"wp-block-heading\">Durant la s\u00e9ance, l&rsquo;enfant pratique des exercices simples de mani\u00e8re ludique et adapt\u00e9e : des exercices de relaxation dynamique (des mouvements doux associ\u00e9s \u00e0 la respiration) ainsi qu&rsquo;un exercice de visualisation d&rsquo;images positives.<\/h5>\n\n\n\n<h5 class=\"wp-block-heading\">La s\u00e9ance se d\u00e9roule toujours dans un cadre bienveillant et s\u00e9curisant, o\u00f9 l\u2019enfant peut s\u2019exprimer librement.<\/h5>\n\n\n\n<div style=\"height:27px\" aria-hidden=\"true\" class=\"wp-block-spacer\"><\/div>\n\n\n\n<h5 class=\"wp-block-heading\"><strong>Un vrai cadeau pour grandir sereinement<\/strong> <strong>:<\/strong><\/h5>\n\n\n\n<h5 class=\"wp-block-heading\">En pratiquant r\u00e9guli\u00e8rement les exercices de sophrologie, l\u2019enfant acquiert de v\u00e9ritables outils qu\u2019il pourra r\u00e9utiliser au quotidien (\u00e0 la maison, \u00e0 l&rsquo;\u00e9cole, &#8230;) d\u00e8s qu&rsquo;il en ressentira le besoin. Les parents peuvent \u00e9galement s\u2019impliquer pour renforcer la pratique et ainsi partager un moment de complicit\u00e9 avec leur enfant.<\/h5>\n\n\n\n<h5 class=\"wp-block-heading\">La sophrologie aide <strong>l\u2019enfant \u00e0 grandir sereinement<\/strong> et permet aux <strong>parents de mieux l\u2019accompagner<\/strong>, tout en am\u00e9liorant le bien-\u00eatre de toute la famille !<\/h5>\n\n\n\n<p><\/p>\n\n\n\n<h5 class=\"wp-block-heading has-text-align-center\"><\/h5>\n\n\n\n<p><\/p>\n","protected":false},"excerpt":{"rendered":"<p>La sophrologie s\u2019adresse aussi aux enfants ! Je re\u00e7ois au Cabinet les enfants d\u00e8s l\u2019\u00e2ge de 6 ans. \u00c0 cet \u00e2ge, l\u2019enfant commence \u00e0 d\u00e9velopper une meilleure conscience de son corps, de ses \u00e9motions et de son environnement. A travers des techniques de rel\u00e2chement musculaire, respiration contr\u00f4l\u00e9e et visualisation positive, les enfants pratiquent des exercices&hellip;&nbsp;<a href=\"https:\/\/pascalelaurentsophrologue.fr\/index.php\/sophroenfants\/\" class=\"\" rel=\"bookmark\">Lire la suite &raquo;<span class=\"screen-reader-text\">SOPHRO&rsquo;ENFANTS<\/span><\/a><\/p>\n","protected":false},"author":1,"featured_media":0,"parent":0,"menu_order":0,"comment_status":"closed","ping_status":"closed","template":"","meta":{"neve_meta_sidebar":"","neve_meta_container":"","neve_meta_enable_content_width":"","neve_meta_content_width":0,"neve_meta_title_alignment":"","neve_meta_author_avatar":"","neve_post_elements_order":"","neve_meta_disable_header":"","neve_meta_disable_footer":"","neve_meta_disable_title":"","footnotes":""},"class_list":["post-1834","page","type-page","status-publish","hentry"],"yoast_head":"<!-- This site is optimized with the Yoast SEO plugin v27.3 - https:\/\/yoast.com\/product\/yoast-seo-wordpress\/ -->\n<title>SOPHRO&#039;ENFANTS - Pascale LAURENT - Sophrologue<\/title>\n<meta name=\"robots\" content=\"index, follow, max-snippet:-1, max-image-preview:large, max-video-preview:-1\" \/>\n<link rel=\"canonical\" href=\"https:\/\/pascalelaurentsophrologue.fr\/index.php\/sophroenfants\/\" \/>\n<meta property=\"og:locale\" content=\"fr_FR\" \/>\n<meta property=\"og:type\" content=\"article\" \/>\n<meta property=\"og:title\" content=\"SOPHRO&#039;ENFANTS - Pascale LAURENT - Sophrologue\" \/>\n<meta property=\"og:description\" content=\"La sophrologie s\u2019adresse aussi aux enfants ! Je re\u00e7ois au Cabinet les enfants d\u00e8s l\u2019\u00e2ge de 6 ans. \u00c0 cet \u00e2ge, l\u2019enfant commence \u00e0 d\u00e9velopper une meilleure conscience de son corps, de ses \u00e9motions et de son environnement. A travers des techniques de rel\u00e2chement musculaire, respiration contr\u00f4l\u00e9e et visualisation positive, les enfants pratiquent des exercices&hellip;&nbsp;Lire la suite &raquo;SOPHRO&rsquo;ENFANTS\" \/>\n<meta property=\"og:url\" content=\"https:\/\/pascalelaurentsophrologue.fr\/index.php\/sophroenfants\/\" \/>\n<meta property=\"og:site_name\" content=\"Pascale LAURENT - Sophrologue\" \/>\n<meta property=\"article:modified_time\" content=\"2025-09-09T07:40:17+00:00\" \/>\n<meta property=\"og:image\" content=\"https:\/\/pascalelaurentsophrologue.fr\/wp-content\/uploads\/2025\/08\/une-fille-de-taille-moyenne-se-detend-a-l-exterieur-scaled.jpg\" \/>\n\t<meta property=\"og:image:width\" content=\"2560\" \/>\n\t<meta property=\"og:image:height\" content=\"1435\" \/>\n\t<meta property=\"og:image:type\" content=\"image\/jpeg\" \/>\n<meta name=\"twitter:card\" content=\"summary_large_image\" \/>\n<meta name=\"twitter:label1\" content=\"Dur\u00e9e de lecture estim\u00e9e\" \/>\n\t<meta name=\"twitter:data1\" content=\"3 minutes\" \/>\n<script type=\"application\/ld+json\" class=\"yoast-schema-graph\">{\"@context\":\"https:\\\/\\\/schema.org\",\"@graph\":[{\"@type\":\"WebPage\",\"@id\":\"https:\\\/\\\/pascalelaurentsophrologue.fr\\\/index.php\\\/sophroenfants\\\/\",\"url\":\"https:\\\/\\\/pascalelaurentsophrologue.fr\\\/index.php\\\/sophroenfants\\\/\",\"name\":\"SOPHRO'ENFANTS - Pascale LAURENT - Sophrologue\",\"isPartOf\":{\"@id\":\"https:\\\/\\\/pascalelaurentsophrologue.fr\\\/#website\"},\"primaryImageOfPage\":{\"@id\":\"https:\\\/\\\/pascalelaurentsophrologue.fr\\\/index.php\\\/sophroenfants\\\/#primaryimage\"},\"image\":{\"@id\":\"https:\\\/\\\/pascalelaurentsophrologue.fr\\\/index.php\\\/sophroenfants\\\/#primaryimage\"},\"thumbnailUrl\":\"https:\\\/\\\/pascalelaurentsophrologue.fr\\\/wp-content\\\/uploads\\\/2025\\\/08\\\/une-fille-de-taille-moyenne-se-detend-a-l-exterieur-1024x574.jpg\",\"datePublished\":\"2025-08-22T05:58:36+00:00\",\"dateModified\":\"2025-09-09T07:40:17+00:00\",\"breadcrumb\":{\"@id\":\"https:\\\/\\\/pascalelaurentsophrologue.fr\\\/index.php\\\/sophroenfants\\\/#breadcrumb\"},\"inLanguage\":\"fr-FR\",\"potentialAction\":[{\"@type\":\"ReadAction\",\"target\":[\"https:\\\/\\\/pascalelaurentsophrologue.fr\\\/index.php\\\/sophroenfants\\\/\"]}]},{\"@type\":\"ImageObject\",\"inLanguage\":\"fr-FR\",\"@id\":\"https:\\\/\\\/pascalelaurentsophrologue.fr\\\/index.php\\\/sophroenfants\\\/#primaryimage\",\"url\":\"https:\\\/\\\/pascalelaurentsophrologue.fr\\\/wp-content\\\/uploads\\\/2025\\\/08\\\/une-fille-de-taille-moyenne-se-detend-a-l-exterieur-scaled.jpg\",\"contentUrl\":\"https:\\\/\\\/pascalelaurentsophrologue.fr\\\/wp-content\\\/uploads\\\/2025\\\/08\\\/une-fille-de-taille-moyenne-se-detend-a-l-exterieur-scaled.jpg\",\"width\":2560,\"height\":1435},{\"@type\":\"BreadcrumbList\",\"@id\":\"https:\\\/\\\/pascalelaurentsophrologue.fr\\\/index.php\\\/sophroenfants\\\/#breadcrumb\",\"itemListElement\":[{\"@type\":\"ListItem\",\"position\":1,\"name\":\"Accueil\",\"item\":\"https:\\\/\\\/pascalelaurentsophrologue.fr\\\/\"},{\"@type\":\"ListItem\",\"position\":2,\"name\":\"SOPHRO&rsquo;ENFANTS\"}]},{\"@type\":\"WebSite\",\"@id\":\"https:\\\/\\\/pascalelaurentsophrologue.fr\\\/#website\",\"url\":\"https:\\\/\\\/pascalelaurentsophrologue.fr\\\/\",\"name\":\"Pascale LAURENT - Sophrologue\",\"description\":\"\",\"potentialAction\":[{\"@type\":\"SearchAction\",\"target\":{\"@type\":\"EntryPoint\",\"urlTemplate\":\"https:\\\/\\\/pascalelaurentsophrologue.fr\\\/?s={search_term_string}\"},\"query-input\":{\"@type\":\"PropertyValueSpecification\",\"valueRequired\":true,\"valueName\":\"search_term_string\"}}],\"inLanguage\":\"fr-FR\"}]}<\/script>\n<!-- \/ Yoast SEO plugin. -->","yoast_head_json":{"title":"SOPHRO'ENFANTS - Pascale LAURENT - Sophrologue","robots":{"index":"index","follow":"follow","max-snippet":"max-snippet:-1","max-image-preview":"max-image-preview:large","max-video-preview":"max-video-preview:-1"},"canonical":"https:\/\/pascalelaurentsophrologue.fr\/index.php\/sophroenfants\/","og_locale":"fr_FR","og_type":"article","og_title":"SOPHRO'ENFANTS - Pascale LAURENT - Sophrologue","og_description":"La sophrologie s\u2019adresse aussi aux enfants ! Je re\u00e7ois au Cabinet les enfants d\u00e8s l\u2019\u00e2ge de 6 ans. \u00c0 cet \u00e2ge, l\u2019enfant commence \u00e0 d\u00e9velopper une meilleure conscience de son corps, de ses \u00e9motions et de son environnement. A travers des techniques de rel\u00e2chement musculaire, respiration contr\u00f4l\u00e9e et visualisation positive, les enfants pratiquent des exercices&hellip;&nbsp;Lire la suite &raquo;SOPHRO&rsquo;ENFANTS","og_url":"https:\/\/pascalelaurentsophrologue.fr\/index.php\/sophroenfants\/","og_site_name":"Pascale LAURENT - Sophrologue","article_modified_time":"2025-09-09T07:40:17+00:00","og_image":[{"width":2560,"height":1435,"url":"https:\/\/pascalelaurentsophrologue.fr\/wp-content\/uploads\/2025\/08\/une-fille-de-taille-moyenne-se-detend-a-l-exterieur-scaled.jpg","type":"image\/jpeg"}],"twitter_card":"summary_large_image","twitter_misc":{"Dur\u00e9e de lecture estim\u00e9e":"3 minutes"},"schema":{"@context":"https:\/\/schema.org","@graph":[{"@type":"WebPage","@id":"https:\/\/pascalelaurentsophrologue.fr\/index.php\/sophroenfants\/","url":"https:\/\/pascalelaurentsophrologue.fr\/index.php\/sophroenfants\/","name":"SOPHRO'ENFANTS - Pascale LAURENT - Sophrologue","isPartOf":{"@id":"https:\/\/pascalelaurentsophrologue.fr\/#website"},"primaryImageOfPage":{"@id":"https:\/\/pascalelaurentsophrologue.fr\/index.php\/sophroenfants\/#primaryimage"},"image":{"@id":"https:\/\/pascalelaurentsophrologue.fr\/index.php\/sophroenfants\/#primaryimage"},"thumbnailUrl":"https:\/\/pascalelaurentsophrologue.fr\/wp-content\/uploads\/2025\/08\/une-fille-de-taille-moyenne-se-detend-a-l-exterieur-1024x574.jpg","datePublished":"2025-08-22T05:58:36+00:00","dateModified":"2025-09-09T07:40:17+00:00","breadcrumb":{"@id":"https:\/\/pascalelaurentsophrologue.fr\/index.php\/sophroenfants\/#breadcrumb"},"inLanguage":"fr-FR","potentialAction":[{"@type":"ReadAction","target":["https:\/\/pascalelaurentsophrologue.fr\/index.php\/sophroenfants\/"]}]},{"@type":"ImageObject","inLanguage":"fr-FR","@id":"https:\/\/pascalelaurentsophrologue.fr\/index.php\/sophroenfants\/#primaryimage","url":"https:\/\/pascalelaurentsophrologue.fr\/wp-content\/uploads\/2025\/08\/une-fille-de-taille-moyenne-se-detend-a-l-exterieur-scaled.jpg","contentUrl":"https:\/\/pascalelaurentsophrologue.fr\/wp-content\/uploads\/2025\/08\/une-fille-de-taille-moyenne-se-detend-a-l-exterieur-scaled.jpg","width":2560,"height":1435},{"@type":"BreadcrumbList","@id":"https:\/\/pascalelaurentsophrologue.fr\/index.php\/sophroenfants\/#breadcrumb","itemListElement":[{"@type":"ListItem","position":1,"name":"Accueil","item":"https:\/\/pascalelaurentsophrologue.fr\/"},{"@type":"ListItem","position":2,"name":"SOPHRO&rsquo;ENFANTS"}]},{"@type":"WebSite","@id":"https:\/\/pascalelaurentsophrologue.fr\/#website","url":"https:\/\/pascalelaurentsophrologue.fr\/","name":"Pascale LAURENT - Sophrologue","description":"","potentialAction":[{"@type":"SearchAction","target":{"@type":"EntryPoint","urlTemplate":"https:\/\/pascalelaurentsophrologue.fr\/?s={search_term_string}"},"query-input":{"@type":"PropertyValueSpecification","valueRequired":true,"valueName":"search_term_string"}}],"inLanguage":"fr-FR"}]}},"_links":{"self":[{"href":"https:\/\/pascalelaurentsophrologue.fr\/index.php\/wp-json\/wp\/v2\/pages\/1834","targetHints":{"allow":["GET"]}}],"collection":[{"href":"https:\/\/pascalelaurentsophrologue.fr\/index.php\/wp-json\/wp\/v2\/pages"}],"about":[{"href":"https:\/\/pascalelaurentsophrologue.fr\/index.php\/wp-json\/wp\/v2\/types\/page"}],"author":[{"embeddable":true,"href":"https:\/\/pascalelaurentsophrologue.fr\/index.php\/wp-json\/wp\/v2\/users\/1"}],"replies":[{"embeddable":true,"href":"https:\/\/pascalelaurentsophrologue.fr\/index.php\/wp-json\/wp\/v2\/comments?post=1834"}],"version-history":[{"count":15,"href":"https:\/\/pascalelaurentsophrologue.fr\/index.php\/wp-json\/wp\/v2\/pages\/1834\/revisions"}],"predecessor-version":[{"id":1916,"href":"https:\/\/pascalelaurentsophrologue.fr\/index.php\/wp-json\/wp\/v2\/pages\/1834\/revisions\/1916"}],"wp:attachment":[{"href":"https:\/\/pascalelaurentsophrologue.fr\/index.php\/wp-json\/wp\/v2\/media?parent=1834"}],"curies":[{"name":"wp","href":"https:\/\/api.w.org\/{rel}","templated":true}]}}