{"id":1998,"date":"2025-10-30T09:41:50","date_gmt":"2025-10-30T08:41:50","guid":{"rendered":"https:\/\/pascalelaurentsophrologue.fr\/?page_id=1998"},"modified":"2025-10-30T09:48:58","modified_gmt":"2025-10-30T08:48:58","slug":"seances-collectives-de-sophrologie","status":"publish","type":"page","link":"https:\/\/pascalelaurentsophrologue.fr\/index.php\/seances-collectives-de-sophrologie\/","title":{"rendered":"S\u00e9ances collectives &#8211; constitution d&rsquo;un groupe"},"content":{"rendered":"\n<h5 class=\"wp-block-heading\"><strong>J&rsquo;envisage d&rsquo;animer des s\u00e9ances collectives de sophrologie (1h\/s\u00e9ance) qui auraient lieu un jour par semaine <\/strong>(jour et horaires \u00e0 pr\u00e9ciser en fonction des disponibilit\u00e9s de chacun).<\/h5>\n\n\n\n<h5 class=\"wp-block-heading\">Lors de ces s\u00e9ances, vous pourrez pratiquer des exercices qui vous permettront notamment de vous d\u00e9tendre, mieux g\u00e9rer votre stress, vos \u00e9motions, l\u00e2cher-prise, installer le calme, am\u00e9liorer votre sommeil &#8230; dans un cadre bienveillant, chaleureux et respectueux de chacun. <\/h5>\n\n\n\n<h5 class=\"wp-block-heading\">Le tarif sera de 15 \u20ac\/personne par s\u00e9ance. <\/h5>\n\n\n\n<h5 class=\"wp-block-heading\">Ces s\u00e9ances collectives vous int\u00e9resseraient ? <\/h5>\n\n\n\n<h5 class=\"wp-block-heading\">Alors, n&rsquo;h\u00e9sitez pas \u00e0 me contacter au<strong> 06 95 73 09 37<\/strong> ou <strong>contact@pascalelaurentsophrologue.fr<\/strong> en m&rsquo;indiquant vos coordonn\u00e9es ainsi que le(s) jour(s) et les horaires qui vous conviendraient le mieux. D\u00e8s qu&rsquo;il y a un nombre suffisant de personnes pour constituer un groupe et en fonction des disponibilit\u00e9s de chacun, je reviens vers vous pour vous pr\u00e9ciser le jour, les horaires et le lieu.<\/h5>\n\n\n\n<h5 class=\"wp-block-heading\">Je vous remercie. A bient\u00f4t !<\/h5>\n","protected":false},"excerpt":{"rendered":"<p>J&rsquo;envisage d&rsquo;animer des s\u00e9ances collectives de sophrologie (1h\/s\u00e9ance) qui auraient lieu un jour par semaine (jour et horaires \u00e0 pr\u00e9ciser en fonction des disponibilit\u00e9s de chacun). Lors de ces s\u00e9ances, vous pourrez pratiquer des exercices qui vous permettront notamment de vous d\u00e9tendre, mieux g\u00e9rer votre stress, vos \u00e9motions, l\u00e2cher-prise, installer le calme, am\u00e9liorer votre sommeil&hellip;&nbsp;<a href=\"https:\/\/pascalelaurentsophrologue.fr\/index.php\/seances-collectives-de-sophrologie\/\" class=\"\" rel=\"bookmark\">Lire la suite &raquo;<span class=\"screen-reader-text\">S\u00e9ances collectives &#8211; constitution d&rsquo;un groupe<\/span><\/a><\/p>\n","protected":false},"author":1,"featured_media":0,"parent":0,"menu_order":0,"comment_status":"closed","ping_status":"closed","template":"","meta":{"neve_meta_sidebar":"","neve_meta_container":"","neve_meta_enable_content_width":"","neve_meta_content_width":0,"neve_meta_title_alignment":"","neve_meta_author_avatar":"","neve_post_elements_order":"","neve_meta_disable_header":"","neve_meta_disable_footer":"","neve_meta_disable_title":"","footnotes":""},"class_list":["post-1998","page","type-page","status-publish","hentry"],"yoast_head":"<!-- This site is optimized with the Yoast SEO plugin v27.3 - https:\/\/yoast.com\/product\/yoast-seo-wordpress\/ -->\n<title>S\u00e9ances collectives - constitution d&#039;un groupe - Pascale LAURENT - Sophrologue<\/title>\n<meta name=\"robots\" content=\"index, follow, max-snippet:-1, max-image-preview:large, max-video-preview:-1\" \/>\n<link rel=\"canonical\" href=\"https:\/\/pascalelaurentsophrologue.fr\/index.php\/seances-collectives-de-sophrologie\/\" \/>\n<meta property=\"og:locale\" content=\"fr_FR\" \/>\n<meta property=\"og:type\" content=\"article\" \/>\n<meta property=\"og:title\" content=\"S\u00e9ances collectives - constitution d&#039;un groupe - Pascale LAURENT - Sophrologue\" \/>\n<meta property=\"og:description\" content=\"J&rsquo;envisage d&rsquo;animer des s\u00e9ances collectives de sophrologie (1h\/s\u00e9ance) qui auraient lieu un jour par semaine (jour et horaires \u00e0 pr\u00e9ciser en fonction des disponibilit\u00e9s de chacun). Lors de ces s\u00e9ances, vous pourrez pratiquer des exercices qui vous permettront notamment de vous d\u00e9tendre, mieux g\u00e9rer votre stress, vos \u00e9motions, l\u00e2cher-prise, installer le calme, am\u00e9liorer votre sommeil&hellip;&nbsp;Lire la suite &raquo;S\u00e9ances collectives &#8211; constitution d&rsquo;un groupe\" \/>\n<meta property=\"og:url\" content=\"https:\/\/pascalelaurentsophrologue.fr\/index.php\/seances-collectives-de-sophrologie\/\" \/>\n<meta property=\"og:site_name\" content=\"Pascale LAURENT - Sophrologue\" \/>\n<meta property=\"article:modified_time\" content=\"2025-10-30T08:48:58+00:00\" \/>\n<meta name=\"twitter:card\" content=\"summary_large_image\" \/>\n<meta name=\"twitter:label1\" content=\"Dur\u00e9e de lecture estim\u00e9e\" \/>\n\t<meta name=\"twitter:data1\" content=\"1 minute\" \/>\n<script type=\"application\/ld+json\" class=\"yoast-schema-graph\">{\"@context\":\"https:\\\/\\\/schema.org\",\"@graph\":[{\"@type\":\"WebPage\",\"@id\":\"https:\\\/\\\/pascalelaurentsophrologue.fr\\\/index.php\\\/seances-collectives-de-sophrologie\\\/\",\"url\":\"https:\\\/\\\/pascalelaurentsophrologue.fr\\\/index.php\\\/seances-collectives-de-sophrologie\\\/\",\"name\":\"S\u00e9ances collectives - constitution d'un groupe - Pascale LAURENT - Sophrologue\",\"isPartOf\":{\"@id\":\"https:\\\/\\\/pascalelaurentsophrologue.fr\\\/#website\"},\"datePublished\":\"2025-10-30T08:41:50+00:00\",\"dateModified\":\"2025-10-30T08:48:58+00:00\",\"breadcrumb\":{\"@id\":\"https:\\\/\\\/pascalelaurentsophrologue.fr\\\/index.php\\\/seances-collectives-de-sophrologie\\\/#breadcrumb\"},\"inLanguage\":\"fr-FR\",\"potentialAction\":[{\"@type\":\"ReadAction\",\"target\":[\"https:\\\/\\\/pascalelaurentsophrologue.fr\\\/index.php\\\/seances-collectives-de-sophrologie\\\/\"]}]},{\"@type\":\"BreadcrumbList\",\"@id\":\"https:\\\/\\\/pascalelaurentsophrologue.fr\\\/index.php\\\/seances-collectives-de-sophrologie\\\/#breadcrumb\",\"itemListElement\":[{\"@type\":\"ListItem\",\"position\":1,\"name\":\"Accueil\",\"item\":\"https:\\\/\\\/pascalelaurentsophrologue.fr\\\/\"},{\"@type\":\"ListItem\",\"position\":2,\"name\":\"S\u00e9ances collectives &#8211; constitution d&rsquo;un groupe\"}]},{\"@type\":\"WebSite\",\"@id\":\"https:\\\/\\\/pascalelaurentsophrologue.fr\\\/#website\",\"url\":\"https:\\\/\\\/pascalelaurentsophrologue.fr\\\/\",\"name\":\"Pascale LAURENT - Sophrologue\",\"description\":\"\",\"potentialAction\":[{\"@type\":\"SearchAction\",\"target\":{\"@type\":\"EntryPoint\",\"urlTemplate\":\"https:\\\/\\\/pascalelaurentsophrologue.fr\\\/?s={search_term_string}\"},\"query-input\":{\"@type\":\"PropertyValueSpecification\",\"valueRequired\":true,\"valueName\":\"search_term_string\"}}],\"inLanguage\":\"fr-FR\"}]}<\/script>\n<!-- \/ Yoast SEO plugin. -->","yoast_head_json":{"title":"S\u00e9ances collectives - constitution d'un groupe - Pascale LAURENT - Sophrologue","robots":{"index":"index","follow":"follow","max-snippet":"max-snippet:-1","max-image-preview":"max-image-preview:large","max-video-preview":"max-video-preview:-1"},"canonical":"https:\/\/pascalelaurentsophrologue.fr\/index.php\/seances-collectives-de-sophrologie\/","og_locale":"fr_FR","og_type":"article","og_title":"S\u00e9ances collectives - constitution d'un groupe - Pascale LAURENT - Sophrologue","og_description":"J&rsquo;envisage d&rsquo;animer des s\u00e9ances collectives de sophrologie (1h\/s\u00e9ance) qui auraient lieu un jour par semaine (jour et horaires \u00e0 pr\u00e9ciser en fonction des disponibilit\u00e9s de chacun). Lors de ces s\u00e9ances, vous pourrez pratiquer des exercices qui vous permettront notamment de vous d\u00e9tendre, mieux g\u00e9rer votre stress, vos \u00e9motions, l\u00e2cher-prise, installer le calme, am\u00e9liorer votre sommeil&hellip;&nbsp;Lire la suite &raquo;S\u00e9ances collectives &#8211; constitution d&rsquo;un groupe","og_url":"https:\/\/pascalelaurentsophrologue.fr\/index.php\/seances-collectives-de-sophrologie\/","og_site_name":"Pascale LAURENT - Sophrologue","article_modified_time":"2025-10-30T08:48:58+00:00","twitter_card":"summary_large_image","twitter_misc":{"Dur\u00e9e de lecture estim\u00e9e":"1 minute"},"schema":{"@context":"https:\/\/schema.org","@graph":[{"@type":"WebPage","@id":"https:\/\/pascalelaurentsophrologue.fr\/index.php\/seances-collectives-de-sophrologie\/","url":"https:\/\/pascalelaurentsophrologue.fr\/index.php\/seances-collectives-de-sophrologie\/","name":"S\u00e9ances collectives - constitution d'un groupe - Pascale LAURENT - Sophrologue","isPartOf":{"@id":"https:\/\/pascalelaurentsophrologue.fr\/#website"},"datePublished":"2025-10-30T08:41:50+00:00","dateModified":"2025-10-30T08:48:58+00:00","breadcrumb":{"@id":"https:\/\/pascalelaurentsophrologue.fr\/index.php\/seances-collectives-de-sophrologie\/#breadcrumb"},"inLanguage":"fr-FR","potentialAction":[{"@type":"ReadAction","target":["https:\/\/pascalelaurentsophrologue.fr\/index.php\/seances-collectives-de-sophrologie\/"]}]},{"@type":"BreadcrumbList","@id":"https:\/\/pascalelaurentsophrologue.fr\/index.php\/seances-collectives-de-sophrologie\/#breadcrumb","itemListElement":[{"@type":"ListItem","position":1,"name":"Accueil","item":"https:\/\/pascalelaurentsophrologue.fr\/"},{"@type":"ListItem","position":2,"name":"S\u00e9ances collectives &#8211; constitution d&rsquo;un groupe"}]},{"@type":"WebSite","@id":"https:\/\/pascalelaurentsophrologue.fr\/#website","url":"https:\/\/pascalelaurentsophrologue.fr\/","name":"Pascale LAURENT - Sophrologue","description":"","potentialAction":[{"@type":"SearchAction","target":{"@type":"EntryPoint","urlTemplate":"https:\/\/pascalelaurentsophrologue.fr\/?s={search_term_string}"},"query-input":{"@type":"PropertyValueSpecification","valueRequired":true,"valueName":"search_term_string"}}],"inLanguage":"fr-FR"}]}},"_links":{"self":[{"href":"https:\/\/pascalelaurentsophrologue.fr\/index.php\/wp-json\/wp\/v2\/pages\/1998","targetHints":{"allow":["GET"]}}],"collection":[{"href":"https:\/\/pascalelaurentsophrologue.fr\/index.php\/wp-json\/wp\/v2\/pages"}],"about":[{"href":"https:\/\/pascalelaurentsophrologue.fr\/index.php\/wp-json\/wp\/v2\/types\/page"}],"author":[{"embeddable":true,"href":"https:\/\/pascalelaurentsophrologue.fr\/index.php\/wp-json\/wp\/v2\/users\/1"}],"replies":[{"embeddable":true,"href":"https:\/\/pascalelaurentsophrologue.fr\/index.php\/wp-json\/wp\/v2\/comments?post=1998"}],"version-history":[{"count":2,"href":"https:\/\/pascalelaurentsophrologue.fr\/index.php\/wp-json\/wp\/v2\/pages\/1998\/revisions"}],"predecessor-version":[{"id":2002,"href":"https:\/\/pascalelaurentsophrologue.fr\/index.php\/wp-json\/wp\/v2\/pages\/1998\/revisions\/2002"}],"wp:attachment":[{"href":"https:\/\/pascalelaurentsophrologue.fr\/index.php\/wp-json\/wp\/v2\/media?parent=1998"}],"curies":[{"name":"wp","href":"https:\/\/api.w.org\/{rel}","templated":true}]}}