{"id":2120,"date":"2026-03-12T17:14:07","date_gmt":"2026-03-12T16:14:07","guid":{"rendered":"https:\/\/pascalelaurentsophrologue.fr\/?page_id=2120"},"modified":"2026-03-13T20:58:34","modified_gmt":"2026-03-13T19:58:34","slug":"le-pass-reducseniors","status":"publish","type":"page","link":"https:\/\/pascalelaurentsophrologue.fr\/index.php\/le-pass-reducseniors\/","title":{"rendered":"LE PASS REDUC&rsquo;SENIORS"},"content":{"rendered":"\n<p>Je suis partenaire du Pass R\u00e9duc&rsquo;seniors donnant droit \u00e0 des r\u00e9ductions pour les + de 60 ans sur Grand Chamb\u00e9ry et Grand Lac.<\/p>\n\n\n\n<p>Au titre de ce partenariat, sur pr\u00e9sentation de votre Pass R\u00e9duc&rsquo;Senior, je m&rsquo;engage \u00e0 vous faire profiter des r\u00e9ductions suivantes : <\/p>\n\n\n\n<p class=\"has-nv-c-2-color has-text-color has-link-color wp-elements-f851ac21b41d133f41a86822d51ffbd0\"><strong>1\/ -25% de r\u00e9duction sur la premi\u00e8re s\u00e9ance de sophrologie anim\u00e9e par Pascale LAURENT au Cabinet ou \u00e0 domicile.<\/strong><\/p>\n\n\n\n<p class=\"has-nv-c-2-color has-text-color has-link-color wp-elements-0a1e13a5bb71fcb6e0db6f490ccd62b5\"><strong><br>2\/ -20 % de r\u00e9duction sur les s\u00e9ances suivantes de sophrologie anim\u00e9es par Pascale LAURENT au Cabinet ou \u00e0 domicile.<\/strong><\/p>\n\n\n\n<p class=\"has-nv-c-2-color has-text-color has-link-color wp-elements-21460fb81e2e1171914a761b45766296\"><strong><br>3\/ Pour les s\u00e9ances \u00e0 domicile : frais kilom\u00e9triques gratuits jusqu&rsquo;\u00e0 15 km (aller\/retour) au d\u00e9part de la Motte-Servolex.<\/strong><\/p>\n\n\n\n<p>Pour plus d&rsquo;informations et\/ou commander votre Pass R\u00e9duc&rsquo;seniors, n&rsquo;h\u00e9sitez pas \u00e0 vous rendre sur leur site internet : <a href=\"https:\/\/passreducseniors.fr\/\">ici<\/a> <\/p>\n\n\n<div class=\"wp-block-image\">\n<figure class=\"aligncenter size-medium\"><a href=\"https:\/\/passreducseniors.fr\/\"><img loading=\"lazy\" decoding=\"async\" width=\"300\" height=\"300\" src=\"https:\/\/pascalelaurentsophrologue.fr\/wp-content\/uploads\/2026\/03\/Vignette-PRS-2-300x300.png\" alt=\"\" class=\"wp-image-2121\" srcset=\"https:\/\/pascalelaurentsophrologue.fr\/wp-content\/uploads\/2026\/03\/Vignette-PRS-2-300x300.png 300w, https:\/\/pascalelaurentsophrologue.fr\/wp-content\/uploads\/2026\/03\/Vignette-PRS-2-1024x1024.png 1024w, https:\/\/pascalelaurentsophrologue.fr\/wp-content\/uploads\/2026\/03\/Vignette-PRS-2-150x150.png 150w, https:\/\/pascalelaurentsophrologue.fr\/wp-content\/uploads\/2026\/03\/Vignette-PRS-2-768x768.png 768w, https:\/\/pascalelaurentsophrologue.fr\/wp-content\/uploads\/2026\/03\/Vignette-PRS-2.png 1181w\" sizes=\"auto, (max-width: 300px) 100vw, 300px\" \/><\/a><\/figure>\n<\/div>\n\n\n<div style=\"height:52px\" aria-hidden=\"true\" class=\"wp-block-spacer\"><\/div>\n","protected":false},"excerpt":{"rendered":"<p>Je suis partenaire du Pass R\u00e9duc&rsquo;seniors donnant droit \u00e0 des r\u00e9ductions pour les + de 60 ans sur Grand Chamb\u00e9ry et Grand Lac. Au titre de ce partenariat, sur pr\u00e9sentation de votre Pass R\u00e9duc&rsquo;Senior, je m&rsquo;engage \u00e0 vous faire profiter des r\u00e9ductions suivantes : 1\/ -25% de r\u00e9duction sur la premi\u00e8re s\u00e9ance de sophrologie anim\u00e9e&hellip;&nbsp;<a href=\"https:\/\/pascalelaurentsophrologue.fr\/index.php\/le-pass-reducseniors\/\" class=\"\" rel=\"bookmark\">Lire la suite &raquo;<span class=\"screen-reader-text\">LE PASS REDUC&rsquo;SENIORS<\/span><\/a><\/p>\n","protected":false},"author":1,"featured_media":0,"parent":0,"menu_order":0,"comment_status":"closed","ping_status":"closed","template":"","meta":{"neve_meta_sidebar":"","neve_meta_container":"","neve_meta_enable_content_width":"","neve_meta_content_width":0,"neve_meta_title_alignment":"","neve_meta_author_avatar":"","neve_post_elements_order":"","neve_meta_disable_header":"","neve_meta_disable_footer":"","neve_meta_disable_title":"","footnotes":""},"class_list":["post-2120","page","type-page","status-publish","hentry"],"yoast_head":"<!-- This site is optimized with the Yoast SEO plugin v27.4 - https:\/\/yoast.com\/product\/yoast-seo-wordpress\/ -->\n<title>LE PASS REDUC&#039;SENIORS - Pascale LAURENT - Sophrologue<\/title>\n<meta name=\"robots\" content=\"index, follow, max-snippet:-1, max-image-preview:large, max-video-preview:-1\" \/>\n<link rel=\"canonical\" href=\"https:\/\/pascalelaurentsophrologue.fr\/index.php\/le-pass-reducseniors\/\" \/>\n<meta property=\"og:locale\" content=\"fr_FR\" \/>\n<meta property=\"og:type\" content=\"article\" \/>\n<meta property=\"og:title\" content=\"LE PASS REDUC&#039;SENIORS - Pascale LAURENT - Sophrologue\" \/>\n<meta property=\"og:description\" content=\"Je suis partenaire du Pass R\u00e9duc&rsquo;seniors donnant droit \u00e0 des r\u00e9ductions pour les + de 60 ans sur Grand Chamb\u00e9ry et Grand Lac. Au titre de ce partenariat, sur pr\u00e9sentation de votre Pass R\u00e9duc&rsquo;Senior, je m&rsquo;engage \u00e0 vous faire profiter des r\u00e9ductions suivantes : 1\/ -25% de r\u00e9duction sur la premi\u00e8re s\u00e9ance de sophrologie anim\u00e9e&hellip;&nbsp;Lire la suite &raquo;LE PASS REDUC&rsquo;SENIORS\" \/>\n<meta property=\"og:url\" content=\"https:\/\/pascalelaurentsophrologue.fr\/index.php\/le-pass-reducseniors\/\" \/>\n<meta property=\"og:site_name\" content=\"Pascale LAURENT - Sophrologue\" \/>\n<meta property=\"article:modified_time\" content=\"2026-03-13T19:58:34+00:00\" \/>\n<meta property=\"og:image\" content=\"https:\/\/pascalelaurentsophrologue.fr\/wp-content\/uploads\/2026\/03\/Vignette-PRS-2.png\" \/>\n\t<meta property=\"og:image:width\" content=\"1181\" \/>\n\t<meta property=\"og:image:height\" content=\"1181\" \/>\n\t<meta property=\"og:image:type\" content=\"image\/png\" \/>\n<meta name=\"twitter:card\" content=\"summary_large_image\" \/>\n<meta name=\"twitter:label1\" content=\"Dur\u00e9e de lecture estim\u00e9e\" \/>\n\t<meta name=\"twitter:data1\" content=\"1 minute\" \/>\n<script type=\"application\/ld+json\" class=\"yoast-schema-graph\">{\"@context\":\"https:\\\/\\\/schema.org\",\"@graph\":[{\"@type\":\"WebPage\",\"@id\":\"https:\\\/\\\/pascalelaurentsophrologue.fr\\\/index.php\\\/le-pass-reducseniors\\\/\",\"url\":\"https:\\\/\\\/pascalelaurentsophrologue.fr\\\/index.php\\\/le-pass-reducseniors\\\/\",\"name\":\"LE PASS REDUC'SENIORS - Pascale LAURENT - Sophrologue\",\"isPartOf\":{\"@id\":\"https:\\\/\\\/pascalelaurentsophrologue.fr\\\/#website\"},\"primaryImageOfPage\":{\"@id\":\"https:\\\/\\\/pascalelaurentsophrologue.fr\\\/index.php\\\/le-pass-reducseniors\\\/#primaryimage\"},\"image\":{\"@id\":\"https:\\\/\\\/pascalelaurentsophrologue.fr\\\/index.php\\\/le-pass-reducseniors\\\/#primaryimage\"},\"thumbnailUrl\":\"https:\\\/\\\/pascalelaurentsophrologue.fr\\\/wp-content\\\/uploads\\\/2026\\\/03\\\/Vignette-PRS-2-300x300.png\",\"datePublished\":\"2026-03-12T16:14:07+00:00\",\"dateModified\":\"2026-03-13T19:58:34+00:00\",\"breadcrumb\":{\"@id\":\"https:\\\/\\\/pascalelaurentsophrologue.fr\\\/index.php\\\/le-pass-reducseniors\\\/#breadcrumb\"},\"inLanguage\":\"fr-FR\",\"potentialAction\":[{\"@type\":\"ReadAction\",\"target\":[\"https:\\\/\\\/pascalelaurentsophrologue.fr\\\/index.php\\\/le-pass-reducseniors\\\/\"]}]},{\"@type\":\"ImageObject\",\"inLanguage\":\"fr-FR\",\"@id\":\"https:\\\/\\\/pascalelaurentsophrologue.fr\\\/index.php\\\/le-pass-reducseniors\\\/#primaryimage\",\"url\":\"https:\\\/\\\/pascalelaurentsophrologue.fr\\\/wp-content\\\/uploads\\\/2026\\\/03\\\/Vignette-PRS-2.png\",\"contentUrl\":\"https:\\\/\\\/pascalelaurentsophrologue.fr\\\/wp-content\\\/uploads\\\/2026\\\/03\\\/Vignette-PRS-2.png\",\"width\":1181,\"height\":1181},{\"@type\":\"BreadcrumbList\",\"@id\":\"https:\\\/\\\/pascalelaurentsophrologue.fr\\\/index.php\\\/le-pass-reducseniors\\\/#breadcrumb\",\"itemListElement\":[{\"@type\":\"ListItem\",\"position\":1,\"name\":\"Accueil\",\"item\":\"https:\\\/\\\/pascalelaurentsophrologue.fr\\\/\"},{\"@type\":\"ListItem\",\"position\":2,\"name\":\"LE PASS REDUC&rsquo;SENIORS\"}]},{\"@type\":\"WebSite\",\"@id\":\"https:\\\/\\\/pascalelaurentsophrologue.fr\\\/#website\",\"url\":\"https:\\\/\\\/pascalelaurentsophrologue.fr\\\/\",\"name\":\"Pascale LAURENT - Sophrologue\",\"description\":\"\",\"potentialAction\":[{\"@type\":\"SearchAction\",\"target\":{\"@type\":\"EntryPoint\",\"urlTemplate\":\"https:\\\/\\\/pascalelaurentsophrologue.fr\\\/?s={search_term_string}\"},\"query-input\":{\"@type\":\"PropertyValueSpecification\",\"valueRequired\":true,\"valueName\":\"search_term_string\"}}],\"inLanguage\":\"fr-FR\"}]}<\/script>\n<!-- \/ Yoast SEO plugin. -->","yoast_head_json":{"title":"LE PASS REDUC'SENIORS - Pascale LAURENT - Sophrologue","robots":{"index":"index","follow":"follow","max-snippet":"max-snippet:-1","max-image-preview":"max-image-preview:large","max-video-preview":"max-video-preview:-1"},"canonical":"https:\/\/pascalelaurentsophrologue.fr\/index.php\/le-pass-reducseniors\/","og_locale":"fr_FR","og_type":"article","og_title":"LE PASS REDUC'SENIORS - Pascale LAURENT - Sophrologue","og_description":"Je suis partenaire du Pass R\u00e9duc&rsquo;seniors donnant droit \u00e0 des r\u00e9ductions pour les + de 60 ans sur Grand Chamb\u00e9ry et Grand Lac. Au titre de ce partenariat, sur pr\u00e9sentation de votre Pass R\u00e9duc&rsquo;Senior, je m&rsquo;engage \u00e0 vous faire profiter des r\u00e9ductions suivantes : 1\/ -25% de r\u00e9duction sur la premi\u00e8re s\u00e9ance de sophrologie anim\u00e9e&hellip;&nbsp;Lire la suite &raquo;LE PASS REDUC&rsquo;SENIORS","og_url":"https:\/\/pascalelaurentsophrologue.fr\/index.php\/le-pass-reducseniors\/","og_site_name":"Pascale LAURENT - Sophrologue","article_modified_time":"2026-03-13T19:58:34+00:00","og_image":[{"width":1181,"height":1181,"url":"https:\/\/pascalelaurentsophrologue.fr\/wp-content\/uploads\/2026\/03\/Vignette-PRS-2.png","type":"image\/png"}],"twitter_card":"summary_large_image","twitter_misc":{"Dur\u00e9e de lecture estim\u00e9e":"1 minute"},"schema":{"@context":"https:\/\/schema.org","@graph":[{"@type":"WebPage","@id":"https:\/\/pascalelaurentsophrologue.fr\/index.php\/le-pass-reducseniors\/","url":"https:\/\/pascalelaurentsophrologue.fr\/index.php\/le-pass-reducseniors\/","name":"LE PASS REDUC'SENIORS - Pascale LAURENT - Sophrologue","isPartOf":{"@id":"https:\/\/pascalelaurentsophrologue.fr\/#website"},"primaryImageOfPage":{"@id":"https:\/\/pascalelaurentsophrologue.fr\/index.php\/le-pass-reducseniors\/#primaryimage"},"image":{"@id":"https:\/\/pascalelaurentsophrologue.fr\/index.php\/le-pass-reducseniors\/#primaryimage"},"thumbnailUrl":"https:\/\/pascalelaurentsophrologue.fr\/wp-content\/uploads\/2026\/03\/Vignette-PRS-2-300x300.png","datePublished":"2026-03-12T16:14:07+00:00","dateModified":"2026-03-13T19:58:34+00:00","breadcrumb":{"@id":"https:\/\/pascalelaurentsophrologue.fr\/index.php\/le-pass-reducseniors\/#breadcrumb"},"inLanguage":"fr-FR","potentialAction":[{"@type":"ReadAction","target":["https:\/\/pascalelaurentsophrologue.fr\/index.php\/le-pass-reducseniors\/"]}]},{"@type":"ImageObject","inLanguage":"fr-FR","@id":"https:\/\/pascalelaurentsophrologue.fr\/index.php\/le-pass-reducseniors\/#primaryimage","url":"https:\/\/pascalelaurentsophrologue.fr\/wp-content\/uploads\/2026\/03\/Vignette-PRS-2.png","contentUrl":"https:\/\/pascalelaurentsophrologue.fr\/wp-content\/uploads\/2026\/03\/Vignette-PRS-2.png","width":1181,"height":1181},{"@type":"BreadcrumbList","@id":"https:\/\/pascalelaurentsophrologue.fr\/index.php\/le-pass-reducseniors\/#breadcrumb","itemListElement":[{"@type":"ListItem","position":1,"name":"Accueil","item":"https:\/\/pascalelaurentsophrologue.fr\/"},{"@type":"ListItem","position":2,"name":"LE PASS REDUC&rsquo;SENIORS"}]},{"@type":"WebSite","@id":"https:\/\/pascalelaurentsophrologue.fr\/#website","url":"https:\/\/pascalelaurentsophrologue.fr\/","name":"Pascale LAURENT - Sophrologue","description":"","potentialAction":[{"@type":"SearchAction","target":{"@type":"EntryPoint","urlTemplate":"https:\/\/pascalelaurentsophrologue.fr\/?s={search_term_string}"},"query-input":{"@type":"PropertyValueSpecification","valueRequired":true,"valueName":"search_term_string"}}],"inLanguage":"fr-FR"}]}},"_links":{"self":[{"href":"https:\/\/pascalelaurentsophrologue.fr\/index.php\/wp-json\/wp\/v2\/pages\/2120","targetHints":{"allow":["GET"]}}],"collection":[{"href":"https:\/\/pascalelaurentsophrologue.fr\/index.php\/wp-json\/wp\/v2\/pages"}],"about":[{"href":"https:\/\/pascalelaurentsophrologue.fr\/index.php\/wp-json\/wp\/v2\/types\/page"}],"author":[{"embeddable":true,"href":"https:\/\/pascalelaurentsophrologue.fr\/index.php\/wp-json\/wp\/v2\/users\/1"}],"replies":[{"embeddable":true,"href":"https:\/\/pascalelaurentsophrologue.fr\/index.php\/wp-json\/wp\/v2\/comments?post=2120"}],"version-history":[{"count":6,"href":"https:\/\/pascalelaurentsophrologue.fr\/index.php\/wp-json\/wp\/v2\/pages\/2120\/revisions"}],"predecessor-version":[{"id":2134,"href":"https:\/\/pascalelaurentsophrologue.fr\/index.php\/wp-json\/wp\/v2\/pages\/2120\/revisions\/2134"}],"wp:attachment":[{"href":"https:\/\/pascalelaurentsophrologue.fr\/index.php\/wp-json\/wp\/v2\/media?parent=2120"}],"curies":[{"name":"wp","href":"https:\/\/api.w.org\/{rel}","templated":true}]}}