{"id":379,"date":"2024-01-19T15:58:43","date_gmt":"2024-01-19T14:58:43","guid":{"rendered":"https:\/\/pascalelaurentsophrologue.fr\/?page_id=379"},"modified":"2026-03-20T07:24:08","modified_gmt":"2026-03-20T06:24:08","slug":"qui-suis-je","status":"publish","type":"page","link":"https:\/\/pascalelaurentsophrologue.fr\/index.php\/qui-suis-je\/","title":{"rendered":"QUI SUIS-JE ?"},"content":{"rendered":"\n<div class=\"wp-block-columns is-layout-flex wp-container-core-columns-is-layout-9d6595d7 wp-block-columns-is-layout-flex\"><\/div>\n\n\n\n<h2 class=\"wp-block-heading\"><\/h2>\n\n\n\n<div class=\"wp-block-columns is-layout-flex wp-container-core-columns-is-layout-9d6595d7 wp-block-columns-is-layout-flex\">\n<div class=\"wp-block-column is-layout-flow wp-block-column-is-layout-flow\"><\/div>\n\n\n\n<div class=\"wp-block-column is-layout-flow wp-block-column-is-layout-flow\">\n<figure class=\"wp-block-image size-full is-style-rounded\"><img loading=\"lazy\" decoding=\"async\" width=\"1920\" height=\"2560\" src=\"https:\/\/pascalelaurentsophrologue.fr\/wp-content\/uploads\/2024\/07\/20240704_170939-1-1-scaled.jpg\" alt=\"\" class=\"wp-image-1271\" srcset=\"https:\/\/pascalelaurentsophrologue.fr\/wp-content\/uploads\/2024\/07\/20240704_170939-1-1-scaled.jpg 1920w, https:\/\/pascalelaurentsophrologue.fr\/wp-content\/uploads\/2024\/07\/20240704_170939-1-1-225x300.jpg 225w, https:\/\/pascalelaurentsophrologue.fr\/wp-content\/uploads\/2024\/07\/20240704_170939-1-1-768x1024.jpg 768w, https:\/\/pascalelaurentsophrologue.fr\/wp-content\/uploads\/2024\/07\/20240704_170939-1-1-1152x1536.jpg 1152w, https:\/\/pascalelaurentsophrologue.fr\/wp-content\/uploads\/2024\/07\/20240704_170939-1-1-1536x2048.jpg 1536w\" sizes=\"auto, (max-width: 1920px) 100vw, 1920px\" \/><\/figure>\n<\/div>\n\n\n\n<div class=\"wp-block-column is-layout-flow wp-block-column-is-layout-flow\"><\/div>\n<\/div>\n\n\n\n<div style=\"height:100px\" aria-hidden=\"true\" class=\"wp-block-spacer\"><\/div>\n\n\n\n<h6 class=\"wp-block-heading\">Apr\u00e8s une formation juridique et diverses belles exp\u00e9riences professionnelles, notamment pendant plus de 10 ans au sein de France Alzheimer Savoie en tant que coordinatrice sociale puis directrice adjointe, j&rsquo;ai voulu donn\u00e9 une nouvelle orientation \u00e0 ma vie professionnelle tout en restant dans un m\u00e9tier tourn\u00e9 vers l&rsquo;humain et dans la relation d&rsquo;aide. <\/h6>\n\n\n\n<h6 class=\"wp-block-heading\">Ayant eu la chance de d\u00e9couvrir la sophrologie et de b\u00e9n\u00e9ficier de ces nombreux bienfaits, c&rsquo;est tout naturellement que j&rsquo;ai souhait\u00e9 devenir sophrologue en me formant \u00e0 l&rsquo;institut de formation \u00e0 la sophrologie et pouvoir ainsi partager cette m\u00e9thode au plus grand nombre. <\/h6>\n\n\n\n<h6 class=\"wp-block-heading\">Au cours de ma pratique, j&rsquo;ai ensuite suivi 2 autres formations qui m&rsquo;ont permis de me sp\u00e9cialiser dans : <\/h6>\n\n\n\n<h6 class=\"wp-block-heading\"><strong>&#8211;<\/strong> <strong>l&rsquo;accompagnement des personnes \u00e2g\u00e9es :<\/strong> de par mon exp\u00e9rience professionnelle pass\u00e9e, je suis sensibilis\u00e9e aux difficult\u00e9s que peuvent rencontrer les aidants et aux soutiens dont ils peuvent b\u00e9n\u00e9ficier ; j&rsquo;ai d&rsquo;ailleurs suivi une formation concernant la maladie d&rsquo;Alzheimer et les maladies apparent\u00e9es. Je souhaitais me sp\u00e9cialiser pour aider les s\u00e9niors \u00e0 traverser et \u00e0 surmonter les \u00e9preuves qu&rsquo;ils peuvent \u00eatre amen\u00e9s \u00e0 vivre.<\/h6>\n\n\n\n<h6 class=\"wp-block-heading\"><strong>&#8211; l&rsquo;accompagnement des sportifs (amateurs \/ haut niveau) : <\/strong>en tant qu&rsquo;initiatrice escalade, passionn\u00e9e de sport de pleine nature, notamment l&rsquo;escalade que je pratique et que j&rsquo;ai pratiqu\u00e9e de mani\u00e8re intense, avec passion, pendant plus de 10 ans, j&rsquo;ai souhait\u00e9 me sp\u00e9cialiser dans l&rsquo;accompagnement des sportifs. A travers la sophrologie qui est une aide pr\u00e9cieuse dans les programmes de pr\u00e9paration mentale, je les aide \u00e0 g\u00e9rer leur stress, optimiser leur concentration, leur performance, leur r\u00e9cup\u00e9ration.<\/h6>\n\n\n\n<h6 class=\"wp-block-heading\"><strong>Mon Cabinet<\/strong> est situ\u00e9 au 81, rue de la petite eau \u00e0 la MOTTE-SERVOLEX. Je me rends \u00e9galement \u00e0 domicile lorsque des personnes rencontrent des difficult\u00e9s pour se d\u00e9placer, mais aussi dans les structures, associations, clubs sportifs &#8230;<\/h6>\n\n\n\n<div style=\"height:100px\" aria-hidden=\"true\" class=\"wp-block-spacer\"><\/div>\n\n\n\n<h2 class=\"wp-block-heading\">MES VALEURS : <\/h2>\n\n\n\n<div class=\"wp-block-columns is-layout-flex wp-container-core-columns-is-layout-9d6595d7 wp-block-columns-is-layout-flex\">\n<div class=\"wp-block-column is-layout-flow wp-block-column-is-layout-flow\"><div class=\"wp-block-image\">\n<figure class=\"aligncenter size-full\"><img loading=\"lazy\" decoding=\"async\" width=\"612\" height=\"437\" src=\"https:\/\/pascalelaurentsophrologue.fr\/wp-content\/uploads\/2024\/02\/istockphoto-1224758998-612x612-1.jpg\" alt=\"\" class=\"wp-image-623\" srcset=\"https:\/\/pascalelaurentsophrologue.fr\/wp-content\/uploads\/2024\/02\/istockphoto-1224758998-612x612-1.jpg 612w, https:\/\/pascalelaurentsophrologue.fr\/wp-content\/uploads\/2024\/02\/istockphoto-1224758998-612x612-1-300x214.jpg 300w, https:\/\/pascalelaurentsophrologue.fr\/wp-content\/uploads\/2024\/02\/istockphoto-1224758998-612x612-1-140x100.jpg 140w\" sizes=\"auto, (max-width: 612px) 100vw, 612px\" \/><figcaption class=\"wp-element-caption\"><strong>BIENVEILLANCE <\/strong><\/figcaption><\/figure>\n<\/div><\/div>\n\n\n\n<div class=\"wp-block-column is-layout-flow wp-block-column-is-layout-flow\"><div class=\"wp-block-image\">\n<figure class=\"aligncenter size-full\"><img loading=\"lazy\" decoding=\"async\" width=\"612\" height=\"433\" src=\"https:\/\/pascalelaurentsophrologue.fr\/wp-content\/uploads\/2024\/02\/istockphoto-1199542764-612x612-1.jpg\" alt=\"\" class=\"wp-image-621\" srcset=\"https:\/\/pascalelaurentsophrologue.fr\/wp-content\/uploads\/2024\/02\/istockphoto-1199542764-612x612-1.jpg 612w, https:\/\/pascalelaurentsophrologue.fr\/wp-content\/uploads\/2024\/02\/istockphoto-1199542764-612x612-1-300x212.jpg 300w, https:\/\/pascalelaurentsophrologue.fr\/wp-content\/uploads\/2024\/02\/istockphoto-1199542764-612x612-1-140x100.jpg 140w\" sizes=\"auto, (max-width: 612px) 100vw, 612px\" \/><figcaption class=\"wp-element-caption\"><strong>RESPECT \/ NON JUGEMENT<\/strong><\/figcaption><\/figure>\n<\/div><\/div>\n\n\n\n<div class=\"wp-block-column is-layout-flow wp-block-column-is-layout-flow\"><div class=\"wp-block-image\">\n<figure class=\"aligncenter size-full is-resized\"><img loading=\"lazy\" decoding=\"async\" width=\"612\" height=\"612\" src=\"https:\/\/pascalelaurentsophrologue.fr\/wp-content\/uploads\/2024\/01\/istockphoto-1285624386-612x612-5.jpg\" alt=\"\" class=\"wp-image-438\" style=\"width:274px;height:auto\" srcset=\"https:\/\/pascalelaurentsophrologue.fr\/wp-content\/uploads\/2024\/01\/istockphoto-1285624386-612x612-5.jpg 612w, https:\/\/pascalelaurentsophrologue.fr\/wp-content\/uploads\/2024\/01\/istockphoto-1285624386-612x612-5-300x300.jpg 300w, https:\/\/pascalelaurentsophrologue.fr\/wp-content\/uploads\/2024\/01\/istockphoto-1285624386-612x612-5-150x150.jpg 150w\" sizes=\"auto, (max-width: 612px) 100vw, 612px\" \/><figcaption class=\"wp-element-caption\"><strong>CONFIDENTIALITE<\/strong> <\/figcaption><\/figure>\n<\/div><\/div>\n<\/div>\n\n\n\n<p>C\u2019est avec bienveillance, \u00e9coute, douceur et non jugement que je vous aiderai \u00e0 mieux vous conna\u00eetre pour vivre les d\u00e9fis du quotidien avec s\u00e9r\u00e9nit\u00e9.<\/p>\n\n\n\n<p>Dans un cadre de confiance et de confidentialit\u00e9, tout au long de l&rsquo;accompagnement personnalis\u00e9, j\u2019aurai \u00e0 coeur de vous transmettre des outils que vous pourrez ensuite utiliser en toute autonomie pour cultiver votre bien-\u00eatre au quotidien. Devenez acteur de votre mieux-\u00eatre ! <\/p>\n\n\n\n<p><em>\u00ab&nbsp;Un voyage de mille lieues commence toujours par un premier pas&nbsp;\u00bb Lao Tseu<\/em><\/p>\n\n\n\n<div class=\"wp-block-buttons is-content-justification-center is-layout-flex wp-container-core-buttons-is-layout-16018d1d wp-block-buttons-is-layout-flex\">\n<div class=\"wp-block-button\"><a class=\"wp-block-button__link wp-element-button\" href=\"https:\/\/pascalelaurentsophrologue.fr\/index.php\/infos-pratiques\/\">Contact <\/a><\/div>\n\n\n\n<div class=\"wp-block-button\"><a class=\"wp-block-button__link wp-element-button\" href=\"https:\/\/pascalelaurentsophrologue.fr\/index.php\/prendre-r-d-v\/\">Prendre RDV <\/a><\/div>\n<\/div>\n\n\n\n<h2 class=\"wp-block-heading\"><\/h2>\n\n\n\n<hr class=\"wp-block-separator has-alpha-channel-opacity\"\/>\n\n\n\n<div class=\"wp-block-qubely-row qubely-section qubely-block-ce5c96\"><div class=\"qubely-row-overlay\"><\/div><div class=\"qubely-container\"><div class=\"qubely-row \">\n\n<div class=\"wp-block-qubely-column qubely-column qubely-column-front qubely-block-e5f8da\"><div class=\"qubely-column-inner\">\n\n<div class=\"wp-block-qubely-row qubely-section qubely-block-6bdf11\"><div class=\"qubely-row-overlay\"><\/div><div class=\"qubely-container\"><div class=\"qubely-row \">\n\n<div class=\"wp-block-qubely-column qubely-column qubely-column-front qubely-block-cec799\"><div class=\"qubely-column-inner\">\n\n<h2 class=\"wp-block-heading has-text-align-center\" id=\"2-code-de-deontologie-\">CODE DE DEONTOLOGIE <\/h2>\n\n<\/div><\/div>\n\n<\/div><\/div><\/div>\n\n\n<p>Je suis membre de la Chambre syndicale de la sophrologie. <\/p>\n\n\n<p><\/p>\n\n\n<p>Vous trouverez ci-dessous le code de d\u00e9ontologie de la Chambre Syndicale de la sophrologie qui d\u00e9finit <strong>les r\u00e8gles morales et \u00e9thiques <\/strong>propres \u00e0 la profession de sophrologue. <\/p>\n\n\n<p><\/p>\n\n\n<div class=\"wp-block-buttons is-content-justification-center is-layout-flex wp-container-core-buttons-is-layout-16018d1d wp-block-buttons-is-layout-flex\">\n\n<div class=\"wp-block-button\"><a class=\"wp-block-button__link wp-element-button\" href=\"https:\/\/www.chambre-syndicale-sophrologie.fr\/deontologie-sophrologie\/\" target=\"_blank\" rel=\"noreferrer noopener\">Code de d\u00e9ontologie<\/a><\/div>\n\n<\/div>\n\n<\/div><\/div>\n\n<\/div><\/div><\/div>\n\n\n\n<p><\/p>\n","protected":false},"excerpt":{"rendered":"<p>Apr\u00e8s une formation juridique et diverses belles exp\u00e9riences professionnelles, notamment pendant plus de 10 ans au sein de France Alzheimer Savoie en tant que coordinatrice sociale puis directrice adjointe, j&rsquo;ai voulu donn\u00e9 une nouvelle orientation \u00e0 ma vie professionnelle tout en restant dans un m\u00e9tier tourn\u00e9 vers l&rsquo;humain et dans la relation d&rsquo;aide. Ayant eu&hellip;&nbsp;<a href=\"https:\/\/pascalelaurentsophrologue.fr\/index.php\/qui-suis-je\/\" class=\"\" rel=\"bookmark\">Lire la suite &raquo;<span class=\"screen-reader-text\">QUI SUIS-JE ?<\/span><\/a><\/p>\n","protected":false},"author":1,"featured_media":0,"parent":0,"menu_order":0,"comment_status":"closed","ping_status":"closed","template":"","meta":{"neve_meta_sidebar":"","neve_meta_container":"contained","neve_meta_enable_content_width":"","neve_meta_content_width":0,"neve_meta_title_alignment":"","neve_meta_author_avatar":"","neve_post_elements_order":"","neve_meta_disable_header":"","neve_meta_disable_footer":"","neve_meta_disable_title":"","footnotes":""},"class_list":["post-379","page","type-page","status-publish","hentry"],"yoast_head":"<!-- This site is optimized with the Yoast SEO plugin v27.3 - https:\/\/yoast.com\/product\/yoast-seo-wordpress\/ -->\n<title>QUI SUIS-JE ? - Pascale LAURENT - Sophrologue<\/title>\n<meta name=\"robots\" content=\"index, follow, max-snippet:-1, max-image-preview:large, max-video-preview:-1\" \/>\n<link rel=\"canonical\" href=\"https:\/\/pascalelaurentsophrologue.fr\/index.php\/qui-suis-je\/\" \/>\n<meta property=\"og:locale\" content=\"fr_FR\" \/>\n<meta property=\"og:type\" content=\"article\" \/>\n<meta property=\"og:title\" content=\"QUI SUIS-JE ? - Pascale LAURENT - Sophrologue\" \/>\n<meta property=\"og:description\" content=\"Apr\u00e8s une formation juridique et diverses belles exp\u00e9riences professionnelles, notamment pendant plus de 10 ans au sein de France Alzheimer Savoie en tant que coordinatrice sociale puis directrice adjointe, j&rsquo;ai voulu donn\u00e9 une nouvelle orientation \u00e0 ma vie professionnelle tout en restant dans un m\u00e9tier tourn\u00e9 vers l&rsquo;humain et dans la relation d&rsquo;aide. Ayant eu&hellip;&nbsp;Lire la suite &raquo;QUI SUIS-JE ?\" \/>\n<meta property=\"og:url\" content=\"https:\/\/pascalelaurentsophrologue.fr\/index.php\/qui-suis-je\/\" \/>\n<meta property=\"og:site_name\" content=\"Pascale LAURENT - Sophrologue\" \/>\n<meta property=\"article:modified_time\" content=\"2026-03-20T06:24:08+00:00\" \/>\n<meta property=\"og:image\" content=\"https:\/\/pascalelaurentsophrologue.fr\/wp-content\/uploads\/2024\/07\/20240704_170939-1-1-scaled.jpg\" \/>\n\t<meta property=\"og:image:width\" content=\"1920\" \/>\n\t<meta property=\"og:image:height\" content=\"2560\" \/>\n\t<meta property=\"og:image:type\" content=\"image\/jpeg\" \/>\n<meta name=\"twitter:card\" content=\"summary_large_image\" \/>\n<meta name=\"twitter:label1\" content=\"Dur\u00e9e de lecture estim\u00e9e\" \/>\n\t<meta name=\"twitter:data1\" content=\"3 minutes\" \/>\n<script type=\"application\/ld+json\" class=\"yoast-schema-graph\">{\"@context\":\"https:\\\/\\\/schema.org\",\"@graph\":[{\"@type\":\"WebPage\",\"@id\":\"https:\\\/\\\/pascalelaurentsophrologue.fr\\\/index.php\\\/qui-suis-je\\\/\",\"url\":\"https:\\\/\\\/pascalelaurentsophrologue.fr\\\/index.php\\\/qui-suis-je\\\/\",\"name\":\"QUI SUIS-JE ? - Pascale LAURENT - Sophrologue\",\"isPartOf\":{\"@id\":\"https:\\\/\\\/pascalelaurentsophrologue.fr\\\/#website\"},\"primaryImageOfPage\":{\"@id\":\"https:\\\/\\\/pascalelaurentsophrologue.fr\\\/index.php\\\/qui-suis-je\\\/#primaryimage\"},\"image\":{\"@id\":\"https:\\\/\\\/pascalelaurentsophrologue.fr\\\/index.php\\\/qui-suis-je\\\/#primaryimage\"},\"thumbnailUrl\":\"https:\\\/\\\/pascalelaurentsophrologue.fr\\\/wp-content\\\/uploads\\\/2024\\\/07\\\/20240704_170939-1-1-scaled.jpg\",\"datePublished\":\"2024-01-19T14:58:43+00:00\",\"dateModified\":\"2026-03-20T06:24:08+00:00\",\"breadcrumb\":{\"@id\":\"https:\\\/\\\/pascalelaurentsophrologue.fr\\\/index.php\\\/qui-suis-je\\\/#breadcrumb\"},\"inLanguage\":\"fr-FR\",\"potentialAction\":[{\"@type\":\"ReadAction\",\"target\":[\"https:\\\/\\\/pascalelaurentsophrologue.fr\\\/index.php\\\/qui-suis-je\\\/\"]}]},{\"@type\":\"ImageObject\",\"inLanguage\":\"fr-FR\",\"@id\":\"https:\\\/\\\/pascalelaurentsophrologue.fr\\\/index.php\\\/qui-suis-je\\\/#primaryimage\",\"url\":\"https:\\\/\\\/pascalelaurentsophrologue.fr\\\/wp-content\\\/uploads\\\/2024\\\/07\\\/20240704_170939-1-1-scaled.jpg\",\"contentUrl\":\"https:\\\/\\\/pascalelaurentsophrologue.fr\\\/wp-content\\\/uploads\\\/2024\\\/07\\\/20240704_170939-1-1-scaled.jpg\",\"width\":1920,\"height\":2560},{\"@type\":\"BreadcrumbList\",\"@id\":\"https:\\\/\\\/pascalelaurentsophrologue.fr\\\/index.php\\\/qui-suis-je\\\/#breadcrumb\",\"itemListElement\":[{\"@type\":\"ListItem\",\"position\":1,\"name\":\"Accueil\",\"item\":\"https:\\\/\\\/pascalelaurentsophrologue.fr\\\/\"},{\"@type\":\"ListItem\",\"position\":2,\"name\":\"QUI SUIS-JE ?\"}]},{\"@type\":\"WebSite\",\"@id\":\"https:\\\/\\\/pascalelaurentsophrologue.fr\\\/#website\",\"url\":\"https:\\\/\\\/pascalelaurentsophrologue.fr\\\/\",\"name\":\"Pascale LAURENT - Sophrologue\",\"description\":\"\",\"potentialAction\":[{\"@type\":\"SearchAction\",\"target\":{\"@type\":\"EntryPoint\",\"urlTemplate\":\"https:\\\/\\\/pascalelaurentsophrologue.fr\\\/?s={search_term_string}\"},\"query-input\":{\"@type\":\"PropertyValueSpecification\",\"valueRequired\":true,\"valueName\":\"search_term_string\"}}],\"inLanguage\":\"fr-FR\"}]}<\/script>\n<!-- \/ Yoast SEO plugin. -->","yoast_head_json":{"title":"QUI SUIS-JE ? - Pascale LAURENT - Sophrologue","robots":{"index":"index","follow":"follow","max-snippet":"max-snippet:-1","max-image-preview":"max-image-preview:large","max-video-preview":"max-video-preview:-1"},"canonical":"https:\/\/pascalelaurentsophrologue.fr\/index.php\/qui-suis-je\/","og_locale":"fr_FR","og_type":"article","og_title":"QUI SUIS-JE ? - Pascale LAURENT - Sophrologue","og_description":"Apr\u00e8s une formation juridique et diverses belles exp\u00e9riences professionnelles, notamment pendant plus de 10 ans au sein de France Alzheimer Savoie en tant que coordinatrice sociale puis directrice adjointe, j&rsquo;ai voulu donn\u00e9 une nouvelle orientation \u00e0 ma vie professionnelle tout en restant dans un m\u00e9tier tourn\u00e9 vers l&rsquo;humain et dans la relation d&rsquo;aide. Ayant eu&hellip;&nbsp;Lire la suite &raquo;QUI SUIS-JE ?","og_url":"https:\/\/pascalelaurentsophrologue.fr\/index.php\/qui-suis-je\/","og_site_name":"Pascale LAURENT - Sophrologue","article_modified_time":"2026-03-20T06:24:08+00:00","og_image":[{"width":1920,"height":2560,"url":"https:\/\/pascalelaurentsophrologue.fr\/wp-content\/uploads\/2024\/07\/20240704_170939-1-1-scaled.jpg","type":"image\/jpeg"}],"twitter_card":"summary_large_image","twitter_misc":{"Dur\u00e9e de lecture estim\u00e9e":"3 minutes"},"schema":{"@context":"https:\/\/schema.org","@graph":[{"@type":"WebPage","@id":"https:\/\/pascalelaurentsophrologue.fr\/index.php\/qui-suis-je\/","url":"https:\/\/pascalelaurentsophrologue.fr\/index.php\/qui-suis-je\/","name":"QUI SUIS-JE ? - Pascale LAURENT - Sophrologue","isPartOf":{"@id":"https:\/\/pascalelaurentsophrologue.fr\/#website"},"primaryImageOfPage":{"@id":"https:\/\/pascalelaurentsophrologue.fr\/index.php\/qui-suis-je\/#primaryimage"},"image":{"@id":"https:\/\/pascalelaurentsophrologue.fr\/index.php\/qui-suis-je\/#primaryimage"},"thumbnailUrl":"https:\/\/pascalelaurentsophrologue.fr\/wp-content\/uploads\/2024\/07\/20240704_170939-1-1-scaled.jpg","datePublished":"2024-01-19T14:58:43+00:00","dateModified":"2026-03-20T06:24:08+00:00","breadcrumb":{"@id":"https:\/\/pascalelaurentsophrologue.fr\/index.php\/qui-suis-je\/#breadcrumb"},"inLanguage":"fr-FR","potentialAction":[{"@type":"ReadAction","target":["https:\/\/pascalelaurentsophrologue.fr\/index.php\/qui-suis-je\/"]}]},{"@type":"ImageObject","inLanguage":"fr-FR","@id":"https:\/\/pascalelaurentsophrologue.fr\/index.php\/qui-suis-je\/#primaryimage","url":"https:\/\/pascalelaurentsophrologue.fr\/wp-content\/uploads\/2024\/07\/20240704_170939-1-1-scaled.jpg","contentUrl":"https:\/\/pascalelaurentsophrologue.fr\/wp-content\/uploads\/2024\/07\/20240704_170939-1-1-scaled.jpg","width":1920,"height":2560},{"@type":"BreadcrumbList","@id":"https:\/\/pascalelaurentsophrologue.fr\/index.php\/qui-suis-je\/#breadcrumb","itemListElement":[{"@type":"ListItem","position":1,"name":"Accueil","item":"https:\/\/pascalelaurentsophrologue.fr\/"},{"@type":"ListItem","position":2,"name":"QUI SUIS-JE ?"}]},{"@type":"WebSite","@id":"https:\/\/pascalelaurentsophrologue.fr\/#website","url":"https:\/\/pascalelaurentsophrologue.fr\/","name":"Pascale LAURENT - Sophrologue","description":"","potentialAction":[{"@type":"SearchAction","target":{"@type":"EntryPoint","urlTemplate":"https:\/\/pascalelaurentsophrologue.fr\/?s={search_term_string}"},"query-input":{"@type":"PropertyValueSpecification","valueRequired":true,"valueName":"search_term_string"}}],"inLanguage":"fr-FR"}]}},"_links":{"self":[{"href":"https:\/\/pascalelaurentsophrologue.fr\/index.php\/wp-json\/wp\/v2\/pages\/379","targetHints":{"allow":["GET"]}}],"collection":[{"href":"https:\/\/pascalelaurentsophrologue.fr\/index.php\/wp-json\/wp\/v2\/pages"}],"about":[{"href":"https:\/\/pascalelaurentsophrologue.fr\/index.php\/wp-json\/wp\/v2\/types\/page"}],"author":[{"embeddable":true,"href":"https:\/\/pascalelaurentsophrologue.fr\/index.php\/wp-json\/wp\/v2\/users\/1"}],"replies":[{"embeddable":true,"href":"https:\/\/pascalelaurentsophrologue.fr\/index.php\/wp-json\/wp\/v2\/comments?post=379"}],"version-history":[{"count":57,"href":"https:\/\/pascalelaurentsophrologue.fr\/index.php\/wp-json\/wp\/v2\/pages\/379\/revisions"}],"predecessor-version":[{"id":2150,"href":"https:\/\/pascalelaurentsophrologue.fr\/index.php\/wp-json\/wp\/v2\/pages\/379\/revisions\/2150"}],"wp:attachment":[{"href":"https:\/\/pascalelaurentsophrologue.fr\/index.php\/wp-json\/wp\/v2\/media?parent=379"}],"curies":[{"name":"wp","href":"https:\/\/api.w.org\/{rel}","templated":true}]}}