{"id":98,"date":"2024-01-12T12:17:48","date_gmt":"2024-01-12T11:17:48","guid":{"rendered":"https:\/\/pascalelaurentsophrologue.fr\/?page_id=98"},"modified":"2025-12-13T08:11:59","modified_gmt":"2025-12-13T07:11:59","slug":"les-seances","status":"publish","type":"page","link":"https:\/\/pascalelaurentsophrologue.fr\/index.php\/les-seances\/","title":{"rendered":"LES SEANCES"},"content":{"rendered":"\n<div style=\"height:100px\" aria-hidden=\"true\" class=\"wp-block-spacer\"><\/div>\n\n\n\n<div class=\"wp-block-columns has-background is-layout-flex wp-container-core-columns-is-layout-9d6595d7 wp-block-columns-is-layout-flex\" style=\"background-color:#4075de1c\">\n<div class=\"wp-block-column is-layout-flow wp-block-column-is-layout-flow\">\n<h4 class=\"wp-block-heading has-text-align-center\">L&rsquo;ACCOMPAGNEMENT INDIVIDUEL <\/h4>\n\n\n\n<p>L&rsquo;accompagnement individuel permet une approche personnalis\u00e9e avec un accompagnement adapt\u00e9 \u00e0 votre probl\u00e9matique et vos besoins. <\/p>\n\n\n\n<p>M\u00eame s&rsquo;il n&rsquo;y a pas de nombre pr\u00e9d\u00e9fini de s\u00e9ances pour un accompagnement individuel car cela d\u00e9pendra de l&rsquo;objectif de chacun et du temps que l&rsquo;on s&rsquo;octroie pour l&rsquo;atteindre, un accompagnement dure en moyenne, entre 6 \u00e0 10 s\u00e9ances \u00e0 raison d&rsquo;une s\u00e9ance d&rsquo;1h\/semaine ou tous les 15 jours.  <\/p>\n\n\n\n<p> Plus vous vous impliquerez dans l\u2019accompagnement en r\u00e9p\u00e9tant r\u00e9guli\u00e8rement les exercices vus en s\u00e9ance et plus vous aurez la possibilit\u00e9 d\u2019atteindre  rapidement votre objectif. En effets, vos ressentis s\u2019affineront, s\u2019intensifieront et ouvriront la voie \u00e0 de nouvelles prises de conscience. <strong>Au bout de 2 \u00e0 3 s\u00e9ances, vous pourriez d\u00e9j\u00e0 ressentir les effets b\u00e9n\u00e9fiques de cette pratique.<\/strong><\/p>\n\n\n\n<h4 class=\"wp-block-heading has-nv-c-2-color has-text-color has-link-color wp-elements-042bb852d521a287a8d891c1bef5d55e\"><strong>La s\u00e9ance individuelle : <\/strong><\/h4>\n\n\n\n<p>Elle est d\u00e9coup\u00e9e en&nbsp;<strong>trois temps&nbsp;<\/strong>:<\/p>\n\n\n\n<p>\u2013&nbsp;<strong>un temps d\u2019\u00e9change&nbsp;:<\/strong>&nbsp;lors de la premi\u00e8re s\u00e9ance, ce temps me permettra de mieux vous conna\u00eetre, de cibler vos besoins, vos attentes et de vous aider \u00e0 d\u00e9finir votre objectif. Ce temps sera plus court lors des s\u00e9ances de suivi. Vous d\u00e9couvrirez le travail vis\u00e9 en s\u00e9ance.<\/p>\n\n\n\n<p>\u2013&nbsp;<strong>un temps de pratique d\u2019exercices&nbsp;:<\/strong>&nbsp;des exercices de relaxation dynamique (des mouvements doux associ\u00e9s \u00e0 la respiration) et un exercice statique de visualisation d\u2019images positives guid\u00e9 par ma voix. Tous les exercices que je vous proposerai seront personnalis\u00e9s afin de vous aider \u00e0 atteindre votre objectif.  <\/p>\n\n\n\n<p>\u2013&nbsp;<strong>un temps d\u2019\u00e9changes&nbsp;:&nbsp;<\/strong>vous pourrez me faire part, si vous le souhaitez, des ressentis que vous avez eus durant la s\u00e9ance afin de prendre conscience des changements qui s\u2019op\u00e8rent en vous.<\/p>\n\n\n\n<h5 class=\"wp-block-heading has-neve-link-hover-color-color has-text-color has-link-color wp-elements-e6eac22214e0ea3a398639d98d76d2bd\">1\/ Premi\u00e8re s\u00e9ance : <\/h5>\n\n\n\n<p><strong>Dur\u00e9e :&nbsp;<\/strong>environ 1h30 \/ <strong>Tarif : <\/strong>60 \u20ac<\/p>\n\n\n\n<h6 class=\"wp-block-heading\"><strong>Pour les enfants et les adolescents (6 \u00e0 16 ans) :<\/strong> environ 1h15 \/ <strong>Tarif : <\/strong>50 \u20ac<\/h6>\n\n\n\n<p><\/p>\n\n\n\n<h2 class=\"wp-block-heading\"><\/h2>\n\n\n\n<h5 class=\"wp-block-heading has-neve-link-color-color has-text-color has-link-color wp-elements-cc3bd4c545d31d0d4e28006d2b40918a\">2\/ S\u00e9ances de suivi :<\/h5>\n\n\n\n<p><strong>Dur\u00e9e :<\/strong>&nbsp;environ 1h \/<strong> Tarif : <\/strong>50 \u20ac <\/p>\n\n\n\n<h6 class=\"wp-block-heading\"><strong>Pour les enfants et les adolescent (de 6 \u00e0 16 ans) :<\/strong> environ 45 min \/ <strong>Tarif :<\/strong> 40 \u20ac<\/h6>\n\n\n\n<p><\/p>\n<\/div>\n<\/div>\n\n\n\n<div style=\"height:44px\" aria-hidden=\"true\" class=\"wp-block-spacer\"><\/div>\n\n\n\n<div class=\"wp-block-columns has-background is-layout-flex wp-container-core-columns-is-layout-9d6595d7 wp-block-columns-is-layout-flex\" style=\"background-color:#9363ad24\">\n<div class=\"wp-block-column is-layout-flow wp-block-column-is-layout-flow\">\n<h4 class=\"wp-block-heading has-nv-c-2-color has-text-color has-link-color wp-elements-c88b051ad78d5dc85333902e59f3cd49\"><strong>La s\u00e9ance collective : <\/strong><\/h4>\n\n\n\n<p>Le d\u00e9roul\u00e9 d&rsquo;une s\u00e9ance collective est le m\u00eame que pour une s\u00e9ance individuelle : un temps d&rsquo;accueil et d&rsquo;\u00e9change, puis un temps de pratique d&rsquo;exercices et \u00e0 nouveau un temps d&rsquo;\u00e9change. Ces temps d\u2019\u00e9changes sont propos\u00e9s sur la base du volontariat, il n\u2019est pas obligatoire de s\u2019exprimer si l\u2019on n\u2019en ressent pas le besoin ou l\u2019envie. Les th\u00e9matiques abord\u00e9es restent toujours tr\u00e8s g\u00e9n\u00e9rales afin de r\u00e9pondre aux besoins du groupe. La s\u00e9ance collective favorise l\u2019\u00e9mulation et le soutien mutuel, renforce la motivation et permet de partager des exp\u00e9riences et des ressentis.<\/p>\n\n\n\n<p><\/p>\n\n\n\n<p><strong>Dur\u00e9e :<\/strong>&nbsp;environ 1h \/ <strong>Groupe<\/strong>&nbsp;de 3 \u00e0 8 personnes \/ <strong>Tarif :<\/strong>&nbsp;15 \u20ac par pers. \/ <strong>Forfait 5 s\u00e9ances :<\/strong>&nbsp;45 \u20ac par pers.<\/p>\n\n\n\n<p><\/p>\n\n\n\n<hr class=\"wp-block-separator has-alpha-channel-opacity\"\/>\n\n\n\n<p><strong>Si vous \u00eates&nbsp;responsable d\u2019une entreprise, association, r\u00e9sidence s\u00e9niors, maison de retraite, d\u2019un \u00e9tablissement scolaire, m\u00e9dical, d\u2019un centre de bien-\u00eatre, \u2026 n\u2019h\u00e9sitez pas \u00e0 me contacter.<\/strong><\/p>\n\n\n\n<p>Les besoins et objectifs sont pr\u00e9alablement \u00e9tablis lors d\u2019un rendez-vous&nbsp;de 30 min qui&nbsp;permet&nbsp;de prioriser&nbsp;les axes de travail afin de&nbsp;garantir&nbsp;un programme personnalis\u00e9<\/p>\n\n\n\n<p><strong>Tarif&nbsp;:<\/strong>&nbsp;devis personnalis\u00e9<\/p>\n\n\n\n<hr class=\"wp-block-separator has-alpha-channel-opacity is-style-default\"\/>\n\n\n\n<p><\/p>\n\n\n\n<h6 class=\"wp-block-heading has-text-align-center has-neve-link-hover-color-color has-text-color has-link-color wp-elements-f688cff3fdd6e2f0ac51c68929a1ca33\"><strong>J\u2019anime des s\u00e9ances collectives de sophrologie les mercredis de 17h30 \u00e0 18h30 dans la petite salle des Pervenches de la Motte-Servolex. Ces s\u00e9ances sont organis\u00e9es par l\u2019association Gym Vitalit\u00e9 (GV) de la Motte-Servolex. N\u2019h\u00e9sitez pas \u00e0 les contacter pour tout renseignement et\/ou inscription :\u00a0<a href=\"https:\/\/www.google.com\/search?q=gv+la+motte+servolex+&amp;sca_esv=a7528baf20b27cbb&amp;sxsrf=AHTn8zo7QBRxFIRi60mlfb-ScXk9QWIZZA%3A1744804697337&amp;ei=WZv_Z7uMFNKokdUPiMTQyQ4&amp;ved=0ahUKEwj7nL-BwNyMAxVSVKQEHQgiNOkQ4dUDCBA&amp;uact=5&amp;oq=gv+la+motte+servolex+&amp;gs_lp=Egxnd3Mtd2l6LXNlcnAiFWd2IGxhIG1vdHRlIHNlcnZvbGV4IDIKECMYgAQYJxiKBTILEC4YgAQYxwEYrwEyAhAmMgIQJjIFEAAY7wUyBRAAGO8FMgUQABjvBTIaEC4YgAQYxwEYrwEYlwUY3AQY3gQY4ATYAQFIwBVQNFjvFHABeACQAQCYAY0BoAGpDqoBBDEwLji4AQPIAQD4AQGYAhOgAqEPwgINECMYgAQYsAMYJxiKBcICDRAAGIAEGLADGEMYigXCAgkQABiwAxgHGB7CAg4QLhiABBiwAxjHARivAcICDhAAGIAEGLADGLEDGIMBwgILEAAYgAQYsAMYsQPCAggQABiABBiwA8ICDhAAGLADGOQCGNYE2AEBwgIUEC4YgAQYsAMYxwEYyAMYrwHYAQHCAhkQLhiABBiwAxjRAxhDGMcBGMgDGIoF2AEBwgIWEC4YgAQYsAMYQxjUAhjIAxiKBdgBAcICEBAuGIAEGBQYhwIYxwEYrwHCAgUQABiABMICDhAuGIAEGJIDGMcBGK8BwgIKEAAYgAQYQxiKBcICEBAuGIAEGEMYxwEYigUYrwHCAggQABiABBjJA8ICCxAAGIAEGJIDGIoFwgIKEAAYgAQYFBiHAsICCBAAGIAEGKIEwgIGEAAYFhgewgIfEC4YgAQYFBiHAhjHARivARiXBRjcBBjeBBjgBNgBAZgDAIgGAZAGE7oGBggBEAEYCZIHBDMuMTagB6q9AbIHBDIuMTa4B5YP&amp;sclient=gws-wiz-serp#\">04 79 25 42 72<\/a>\u00a0ou <a href=\"http:\/\/gvlamotte.free.fr\/\">http:\/\/gvlamotte.free.f<\/a><\/strong>r\/<\/h6>\n\n\n\n<div class=\"wp-block-columns is-layout-flex wp-container-core-columns-is-layout-9d6595d7 wp-block-columns-is-layout-flex\"><\/div>\n\n\n\n<h5 class=\"wp-block-heading\"><\/h5>\n<\/div>\n<\/div>\n\n\n\n<p class=\"has-text-align-center\"><\/p>\n\n\n\n<div style=\"height:100px\" aria-hidden=\"true\" class=\"wp-block-spacer\"><\/div>\n\n\n\n<h2 class=\"wp-block-heading\"><\/h2>\n\n\n\n<div class=\"wp-block-columns has-border-color has-nv-dark-bg-border-color is-layout-flex wp-container-core-columns-is-layout-9d6595d7 wp-block-columns-is-layout-flex\">\n<div class=\"wp-block-column has-background is-layout-flow wp-block-column-is-layout-flow\" style=\"background-color:#cef1e0\">\n<div style=\"height:5px\" aria-hidden=\"true\" class=\"wp-block-spacer\"><\/div>\n\n\n\n<h2 class=\"wp-block-heading has-text-align-center\"><strong>LA PRATIQUE DES EXERCICES<\/strong><\/h2>\n\n\n\n<p><strong>Les exercices de relaxation&nbsp;dynamique<\/strong>&nbsp;se pratiquent debout ou assis.<\/p>\n\n\n\n<p><strong>Les exercices statiques de visualisation d\u2019images positives<\/strong>&nbsp;guid\u00e9s par ma voix&nbsp;se pratiquent debout, assis ou allong\u00e9.<\/p>\n\n\n\n<p><strong>Je m\u2019adapte \u00e0 votre \u00e9tat de sant\u00e9 et les positions peuvent \u00eatre am\u00e9nag\u00e9es pour permettre ou faciliter une pratique des exercices en toute s\u00e9curit\u00e9.<\/strong><\/p>\n\n\n\n<p>La pratique de la sophrologie ne requiert aucun mat\u00e9riel ou tenue sp\u00e9cifique ; le mieux serait d\u2019adopter une tenue confortable dans laquelle vous vous sentez \u00e0 l\u2019aise.<\/p>\n\n\n\n<p>Mes interventions au cours des s\u00e9ances visent \u00e0 vous aider \u00e0 vous approprier les&nbsp;exercices pour que vous puissiez ensuite les pratiquer seul, en toute autonomie. <\/p>\n\n\n\n<p>Le&nbsp;<strong>parcours personnalis\u00e9<\/strong>&nbsp;que je vous propose sera adapt\u00e9 \u00e0 votre objectif que nous aurons d\u00e9fini ensemble.<\/p>\n\n\n\n<p>Vous&nbsp;<strong>progressez \u00e0 votre rythme<\/strong>&nbsp;en disposant d\u2019outils facilement r\u00e9utilisables et<strong> devenez progressivement&nbsp;autonome<\/strong>.<\/p>\n\n\n\n<p class=\"has-nv-c-2-color has-text-color has-link-color wp-elements-b1990b794305a8f200e56344a3f161a2\"><strong>Pour vous aider \u00e0 m\u00e9moriser plus facilement les exercices vus en s\u00e9ance, je vous proposerai de vous envoyer un visuel des exercices et un enregistrement audio personnalis\u00e9 de la sophronisation (visualisation d\u2019images positives). Vous pourrez ainsi les pratiquer en toute autonomie.<\/strong><\/p>\n<\/div>\n<\/div>\n\n\n\n<p><\/p>\n","protected":false},"excerpt":{"rendered":"<p>L&rsquo;ACCOMPAGNEMENT INDIVIDUEL L&rsquo;accompagnement individuel permet une approche personnalis\u00e9e avec un accompagnement adapt\u00e9 \u00e0 votre probl\u00e9matique et vos besoins. M\u00eame s&rsquo;il n&rsquo;y a pas de nombre pr\u00e9d\u00e9fini de s\u00e9ances pour un accompagnement individuel car cela d\u00e9pendra de l&rsquo;objectif de chacun et du temps que l&rsquo;on s&rsquo;octroie pour l&rsquo;atteindre, un accompagnement dure en moyenne, entre 6 \u00e0&hellip;&nbsp;<a href=\"https:\/\/pascalelaurentsophrologue.fr\/index.php\/les-seances\/\" class=\"\" rel=\"bookmark\">Lire la suite &raquo;<span class=\"screen-reader-text\">LES SEANCES<\/span><\/a><\/p>\n","protected":false},"author":1,"featured_media":0,"parent":0,"menu_order":0,"comment_status":"closed","ping_status":"closed","template":"","meta":{"neve_meta_sidebar":"","neve_meta_container":"","neve_meta_enable_content_width":"","neve_meta_content_width":0,"neve_meta_title_alignment":"","neve_meta_author_avatar":"","neve_post_elements_order":"","neve_meta_disable_header":"","neve_meta_disable_footer":"","neve_meta_disable_title":"","footnotes":""},"class_list":["post-98","page","type-page","status-publish","hentry"],"yoast_head":"<!-- This site is optimized with the Yoast SEO plugin v27.3 - https:\/\/yoast.com\/product\/yoast-seo-wordpress\/ -->\n<title>LES SEANCES - Pascale LAURENT - Sophrologue<\/title>\n<meta name=\"robots\" content=\"index, follow, max-snippet:-1, max-image-preview:large, max-video-preview:-1\" \/>\n<link rel=\"canonical\" href=\"https:\/\/pascalelaurentsophrologue.fr\/index.php\/les-seances\/\" \/>\n<meta property=\"og:locale\" content=\"fr_FR\" \/>\n<meta property=\"og:type\" content=\"article\" \/>\n<meta property=\"og:title\" content=\"LES SEANCES - Pascale LAURENT - Sophrologue\" \/>\n<meta property=\"og:description\" content=\"L&rsquo;ACCOMPAGNEMENT INDIVIDUEL L&rsquo;accompagnement individuel permet une approche personnalis\u00e9e avec un accompagnement adapt\u00e9 \u00e0 votre probl\u00e9matique et vos besoins. M\u00eame s&rsquo;il n&rsquo;y a pas de nombre pr\u00e9d\u00e9fini de s\u00e9ances pour un accompagnement individuel car cela d\u00e9pendra de l&rsquo;objectif de chacun et du temps que l&rsquo;on s&rsquo;octroie pour l&rsquo;atteindre, un accompagnement dure en moyenne, entre 6 \u00e0&hellip;&nbsp;Lire la suite &raquo;LES SEANCES\" \/>\n<meta property=\"og:url\" content=\"https:\/\/pascalelaurentsophrologue.fr\/index.php\/les-seances\/\" \/>\n<meta property=\"og:site_name\" content=\"Pascale LAURENT - Sophrologue\" \/>\n<meta property=\"article:modified_time\" content=\"2025-12-13T07:11:59+00:00\" \/>\n<meta name=\"twitter:card\" content=\"summary_large_image\" \/>\n<meta name=\"twitter:label1\" content=\"Dur\u00e9e de lecture estim\u00e9e\" \/>\n\t<meta name=\"twitter:data1\" content=\"4 minutes\" \/>\n<script type=\"application\/ld+json\" class=\"yoast-schema-graph\">{\"@context\":\"https:\\\/\\\/schema.org\",\"@graph\":[{\"@type\":\"WebPage\",\"@id\":\"https:\\\/\\\/pascalelaurentsophrologue.fr\\\/index.php\\\/les-seances\\\/\",\"url\":\"https:\\\/\\\/pascalelaurentsophrologue.fr\\\/index.php\\\/les-seances\\\/\",\"name\":\"LES SEANCES - Pascale LAURENT - Sophrologue\",\"isPartOf\":{\"@id\":\"https:\\\/\\\/pascalelaurentsophrologue.fr\\\/#website\"},\"datePublished\":\"2024-01-12T11:17:48+00:00\",\"dateModified\":\"2025-12-13T07:11:59+00:00\",\"breadcrumb\":{\"@id\":\"https:\\\/\\\/pascalelaurentsophrologue.fr\\\/index.php\\\/les-seances\\\/#breadcrumb\"},\"inLanguage\":\"fr-FR\",\"potentialAction\":[{\"@type\":\"ReadAction\",\"target\":[\"https:\\\/\\\/pascalelaurentsophrologue.fr\\\/index.php\\\/les-seances\\\/\"]}]},{\"@type\":\"BreadcrumbList\",\"@id\":\"https:\\\/\\\/pascalelaurentsophrologue.fr\\\/index.php\\\/les-seances\\\/#breadcrumb\",\"itemListElement\":[{\"@type\":\"ListItem\",\"position\":1,\"name\":\"Accueil\",\"item\":\"https:\\\/\\\/pascalelaurentsophrologue.fr\\\/\"},{\"@type\":\"ListItem\",\"position\":2,\"name\":\"LES SEANCES\"}]},{\"@type\":\"WebSite\",\"@id\":\"https:\\\/\\\/pascalelaurentsophrologue.fr\\\/#website\",\"url\":\"https:\\\/\\\/pascalelaurentsophrologue.fr\\\/\",\"name\":\"Pascale LAURENT - Sophrologue\",\"description\":\"\",\"potentialAction\":[{\"@type\":\"SearchAction\",\"target\":{\"@type\":\"EntryPoint\",\"urlTemplate\":\"https:\\\/\\\/pascalelaurentsophrologue.fr\\\/?s={search_term_string}\"},\"query-input\":{\"@type\":\"PropertyValueSpecification\",\"valueRequired\":true,\"valueName\":\"search_term_string\"}}],\"inLanguage\":\"fr-FR\"}]}<\/script>\n<!-- \/ Yoast SEO plugin. -->","yoast_head_json":{"title":"LES SEANCES - Pascale LAURENT - Sophrologue","robots":{"index":"index","follow":"follow","max-snippet":"max-snippet:-1","max-image-preview":"max-image-preview:large","max-video-preview":"max-video-preview:-1"},"canonical":"https:\/\/pascalelaurentsophrologue.fr\/index.php\/les-seances\/","og_locale":"fr_FR","og_type":"article","og_title":"LES SEANCES - Pascale LAURENT - Sophrologue","og_description":"L&rsquo;ACCOMPAGNEMENT INDIVIDUEL L&rsquo;accompagnement individuel permet une approche personnalis\u00e9e avec un accompagnement adapt\u00e9 \u00e0 votre probl\u00e9matique et vos besoins. M\u00eame s&rsquo;il n&rsquo;y a pas de nombre pr\u00e9d\u00e9fini de s\u00e9ances pour un accompagnement individuel car cela d\u00e9pendra de l&rsquo;objectif de chacun et du temps que l&rsquo;on s&rsquo;octroie pour l&rsquo;atteindre, un accompagnement dure en moyenne, entre 6 \u00e0&hellip;&nbsp;Lire la suite &raquo;LES SEANCES","og_url":"https:\/\/pascalelaurentsophrologue.fr\/index.php\/les-seances\/","og_site_name":"Pascale LAURENT - Sophrologue","article_modified_time":"2025-12-13T07:11:59+00:00","twitter_card":"summary_large_image","twitter_misc":{"Dur\u00e9e de lecture estim\u00e9e":"4 minutes"},"schema":{"@context":"https:\/\/schema.org","@graph":[{"@type":"WebPage","@id":"https:\/\/pascalelaurentsophrologue.fr\/index.php\/les-seances\/","url":"https:\/\/pascalelaurentsophrologue.fr\/index.php\/les-seances\/","name":"LES SEANCES - Pascale LAURENT - Sophrologue","isPartOf":{"@id":"https:\/\/pascalelaurentsophrologue.fr\/#website"},"datePublished":"2024-01-12T11:17:48+00:00","dateModified":"2025-12-13T07:11:59+00:00","breadcrumb":{"@id":"https:\/\/pascalelaurentsophrologue.fr\/index.php\/les-seances\/#breadcrumb"},"inLanguage":"fr-FR","potentialAction":[{"@type":"ReadAction","target":["https:\/\/pascalelaurentsophrologue.fr\/index.php\/les-seances\/"]}]},{"@type":"BreadcrumbList","@id":"https:\/\/pascalelaurentsophrologue.fr\/index.php\/les-seances\/#breadcrumb","itemListElement":[{"@type":"ListItem","position":1,"name":"Accueil","item":"https:\/\/pascalelaurentsophrologue.fr\/"},{"@type":"ListItem","position":2,"name":"LES SEANCES"}]},{"@type":"WebSite","@id":"https:\/\/pascalelaurentsophrologue.fr\/#website","url":"https:\/\/pascalelaurentsophrologue.fr\/","name":"Pascale LAURENT - Sophrologue","description":"","potentialAction":[{"@type":"SearchAction","target":{"@type":"EntryPoint","urlTemplate":"https:\/\/pascalelaurentsophrologue.fr\/?s={search_term_string}"},"query-input":{"@type":"PropertyValueSpecification","valueRequired":true,"valueName":"search_term_string"}}],"inLanguage":"fr-FR"}]}},"_links":{"self":[{"href":"https:\/\/pascalelaurentsophrologue.fr\/index.php\/wp-json\/wp\/v2\/pages\/98","targetHints":{"allow":["GET"]}}],"collection":[{"href":"https:\/\/pascalelaurentsophrologue.fr\/index.php\/wp-json\/wp\/v2\/pages"}],"about":[{"href":"https:\/\/pascalelaurentsophrologue.fr\/index.php\/wp-json\/wp\/v2\/types\/page"}],"author":[{"embeddable":true,"href":"https:\/\/pascalelaurentsophrologue.fr\/index.php\/wp-json\/wp\/v2\/users\/1"}],"replies":[{"embeddable":true,"href":"https:\/\/pascalelaurentsophrologue.fr\/index.php\/wp-json\/wp\/v2\/comments?post=98"}],"version-history":[{"count":81,"href":"https:\/\/pascalelaurentsophrologue.fr\/index.php\/wp-json\/wp\/v2\/pages\/98\/revisions"}],"predecessor-version":[{"id":2079,"href":"https:\/\/pascalelaurentsophrologue.fr\/index.php\/wp-json\/wp\/v2\/pages\/98\/revisions\/2079"}],"wp:attachment":[{"href":"https:\/\/pascalelaurentsophrologue.fr\/index.php\/wp-json\/wp\/v2\/media?parent=98"}],"curies":[{"name":"wp","href":"https:\/\/api.w.org\/{rel}","templated":true}]}}